{"id":941,"date":"2014-07-23T02:42:43","date_gmt":"2014-07-23T05:42:43","guid":{"rendered":"https:\/\/www.regalosgourmet.cl\/cl\/?post_type=product&#038;p=941"},"modified":"2023-01-25T12:15:39","modified_gmt":"2023-01-25T15:15:39","slug":"adobo-nativo","status":"publish","type":"product","link":"https:\/\/www.regalosgourmet.cl\/cl\/regalos\/adobo-nativo\/","title":{"rendered":"Adobo Nativo"},"content":{"rendered":"","protected":false},"excerpt":{"rendered":"<p><strong>El regalo incluye:<\/strong><\/p>\n<ol>\n<li>Caja de cart\u00f3n ecol\u00f3gica.<\/li>\n<li>Mortero artesanal de Piedra de Cantera tama\u00f1o mediano. Native Kitchen.<\/li>\n<li>Aceite de Oliva Premium Extra Virgen Deleyda 250ml.<\/li>\n<li>Aceite de Oliva Premium Extra Virgen con Albahaca 250ml.<\/li>\n<li>Aceite de Oliva Premium Extra Virgen con Ajo 250ml.<\/li>\n<li>Sal de Mar de Cahuil Natural 200grs. Native Kitchen.<\/li>\n<li>Merk\u00e9n 30grs Native Kitchen.<\/li>\n<li>Caja Kraft con certificaci\u00f3n FSC con cinta de g\u00e9nero con color a elecci\u00f3n. Incluye tarjeta personalizada de 5&#215;9 cms.<\/li>\n<\/ol>\n","protected":false},"featured_media":6869,"template":"","meta":{"_joinchat":[]},"product_brand":[],"product_cat":[62],"product_tag":[],"class_list":{"0":"post-941","1":"product","2":"type-product","3":"status-publish","4":"has-post-thumbnail","6":"product_cat-catalogo-accesorios-y-gourmet","8":"first","9":"instock","10":"taxable","11":"shipping-taxable","12":"purchasable","13":"product-type-simple"},"_links":{"self":[{"href":"https:\/\/www.regalosgourmet.cl\/cl\/wp-json\/wp\/v2\/product\/941","targetHints":{"allow":["GET"]}}],"collection":[{"href":"https:\/\/www.regalosgourmet.cl\/cl\/wp-json\/wp\/v2\/product"}],"about":[{"href":"https:\/\/www.regalosgourmet.cl\/cl\/wp-json\/wp\/v2\/types\/product"}],"wp:featuredmedia":[{"embeddable":true,"href":"https:\/\/www.regalosgourmet.cl\/cl\/wp-json\/wp\/v2\/media\/6869"}],"wp:attachment":[{"href":"https:\/\/www.regalosgourmet.cl\/cl\/wp-json\/wp\/v2\/media?parent=941"}],"wp:term":[{"taxonomy":"product_brand","embeddable":true,"href":"https:\/\/www.regalosgourmet.cl\/cl\/wp-json\/wp\/v2\/product_brand?post=941"},{"taxonomy":"product_cat","embeddable":true,"href":"https:\/\/www.regalosgourmet.cl\/cl\/wp-json\/wp\/v2\/product_cat?post=941"},{"taxonomy":"product_tag","embeddable":true,"href":"https:\/\/www.regalosgourmet.cl\/cl\/wp-json\/wp\/v2\/product_tag?post=941"}],"curies":[{"name":"wp","href":"https:\/\/api.w.org\/{rel}","templated":true}]}}