{"id":8516,"date":"2023-11-09T11:26:30","date_gmt":"2023-11-09T14:26:30","guid":{"rendered":"https:\/\/www.regalosgourmet.cl\/cl\/?post_type=product&#038;p=8516"},"modified":"2024-05-28T18:27:19","modified_gmt":"2024-05-28T21:27:19","slug":"kit-de-colores","status":"publish","type":"product","link":"https:\/\/www.regalosgourmet.cl\/cl\/regalos\/kit-de-colores\/","title":{"rendered":"Kit de Colores"},"content":{"rendered":"","protected":false},"excerpt":{"rendered":"<ul>\n<li>Vino Gran reserva 7 Colores, Carmenere, 750cc.<\/li>\n<li>Bomba de succi\u00f3n de aire, permite sacar hasta el 80 o 90 por ciento del aire que ingresa a la botella y as\u00ed retardar la oxidaci\u00f3n del vino, conservando sus propiedades por m\u00e1s tiempo. Logo corporativo sobre la bomba.<\/li>\n<li>2 Copas de vidrio templado de origen turco para vino, Pasabahce, 490cc. Incluye logo corporativo del cliente en cada copa.<\/li>\n<\/ul>\n<h5><strong>Presentaci\u00f3n:<\/strong><\/h5>\n<ul>\n<li>Caja de cart\u00f3n\u00a0microcorrugado con<strong> certificaci\u00f3n FSC <\/strong>en color negro, blanco o kraft con cinta de g\u00e9nero en color a elecci\u00f3n*.<\/li>\n<li>Incluye tarjeta personalizada de 9x5cms.<\/li>\n<\/ul>\n<h5><strong>Condiciones<\/strong><\/h5>\n<ul>\n<li><strong>Pedido m\u00ednimo:<\/strong> 12 unidades<\/li>\n<li><strong>Tiempo Entrega:<\/strong> 3 a 7 d\u00edas desde confirmaci\u00f3n.<\/li>\n<\/ul>\n","protected":false},"featured_media":8517,"template":"","meta":{"_joinchat":[]},"product_brand":[],"product_cat":[126],"product_tag":[159,152],"class_list":{"0":"post-8516","1":"product","2":"type-product","3":"status-publish","4":"has-post-thumbnail","6":"product_cat-bar-y-cocteleria","7":"product_tag-copas-y-vinos","8":"product_tag-para-papa","10":"first","11":"instock","12":"taxable","13":"shipping-taxable","14":"purchasable","15":"product-type-simple"},"_links":{"self":[{"href":"https:\/\/www.regalosgourmet.cl\/cl\/wp-json\/wp\/v2\/product\/8516","targetHints":{"allow":["GET"]}}],"collection":[{"href":"https:\/\/www.regalosgourmet.cl\/cl\/wp-json\/wp\/v2\/product"}],"about":[{"href":"https:\/\/www.regalosgourmet.cl\/cl\/wp-json\/wp\/v2\/types\/product"}],"wp:featuredmedia":[{"embeddable":true,"href":"https:\/\/www.regalosgourmet.cl\/cl\/wp-json\/wp\/v2\/media\/8517"}],"wp:attachment":[{"href":"https:\/\/www.regalosgourmet.cl\/cl\/wp-json\/wp\/v2\/media?parent=8516"}],"wp:term":[{"taxonomy":"product_brand","embeddable":true,"href":"https:\/\/www.regalosgourmet.cl\/cl\/wp-json\/wp\/v2\/product_brand?post=8516"},{"taxonomy":"product_cat","embeddable":true,"href":"https:\/\/www.regalosgourmet.cl\/cl\/wp-json\/wp\/v2\/product_cat?post=8516"},{"taxonomy":"product_tag","embeddable":true,"href":"https:\/\/www.regalosgourmet.cl\/cl\/wp-json\/wp\/v2\/product_tag?post=8516"}],"curies":[{"name":"wp","href":"https:\/\/api.w.org\/{rel}","templated":true}]}}