{"id":8481,"date":"2023-10-30T12:58:12","date_gmt":"2023-10-30T15:58:12","guid":{"rendered":"https:\/\/www.regalosgourmet.cl\/cl\/?post_type=product&#038;p=8481"},"modified":"2025-10-20T16:40:36","modified_gmt":"2025-10-20T19:40:36","slug":"salvaje-gold","status":"publish","type":"product","link":"https:\/\/www.regalosgourmet.cl\/cl\/regalos\/salvaje-gold\/","title":{"rendered":"Salvaje Gold"},"content":{"rendered":"","protected":false},"excerpt":{"rendered":"<p>&#8211; Vino Gran Reserva Gran Tarapaca, 750cc.<br \/>\n&#8211; Espumante Extra Burt Vi\u00f1amar, 750cc.<br \/>\n&#8211; Calugas de leche artesanales surtidas La Savage o La Julita, 100grs.<br \/>\n&#8211; Aceite de oliva extra virgen sabores (variedades: tradicional, con ajo, con merk\u00e9n, con albahaca o aj\u00ed). 250cc, Leyda u Olave (seg\u00fan disponibilidad)<\/p>\n<h5><strong>Presentaci\u00f3n:<\/strong><\/h5>\n<ul>\n<li>Caja de cart\u00f3n\u00a0<strong>PREMIUM<\/strong> color nego blanco.<\/li>\n<li>Cinta de g\u00e9nero en color a elecci\u00f3n*.<\/li>\n<li>Incluye tarjeta personalizada de 9x5cms.<\/li>\n<\/ul>\n<h5><strong>Condiciones<\/strong><\/h5>\n<ul>\n<li><strong>Pedido m\u00ednimo:<\/strong> 20 unidades<\/li>\n<li><strong>Tiempo Entrega:<\/strong> 3 a 5 d\u00edas desde confirmaci\u00f3n.<\/li>\n<\/ul>\n","protected":false},"featured_media":8482,"template":"","meta":{"_joinchat":[]},"product_brand":[],"product_cat":[123],"product_tag":[157],"class_list":{"0":"post-8481","1":"product","2":"type-product","3":"status-publish","4":"has-post-thumbnail","6":"product_cat-picoteo","7":"product_tag-fiestas-fin-de-ano","9":"first","10":"instock","11":"taxable","12":"shipping-taxable","13":"purchasable","14":"product-type-simple"},"_links":{"self":[{"href":"https:\/\/www.regalosgourmet.cl\/cl\/wp-json\/wp\/v2\/product\/8481","targetHints":{"allow":["GET"]}}],"collection":[{"href":"https:\/\/www.regalosgourmet.cl\/cl\/wp-json\/wp\/v2\/product"}],"about":[{"href":"https:\/\/www.regalosgourmet.cl\/cl\/wp-json\/wp\/v2\/types\/product"}],"wp:featuredmedia":[{"embeddable":true,"href":"https:\/\/www.regalosgourmet.cl\/cl\/wp-json\/wp\/v2\/media\/8482"}],"wp:attachment":[{"href":"https:\/\/www.regalosgourmet.cl\/cl\/wp-json\/wp\/v2\/media?parent=8481"}],"wp:term":[{"taxonomy":"product_brand","embeddable":true,"href":"https:\/\/www.regalosgourmet.cl\/cl\/wp-json\/wp\/v2\/product_brand?post=8481"},{"taxonomy":"product_cat","embeddable":true,"href":"https:\/\/www.regalosgourmet.cl\/cl\/wp-json\/wp\/v2\/product_cat?post=8481"},{"taxonomy":"product_tag","embeddable":true,"href":"https:\/\/www.regalosgourmet.cl\/cl\/wp-json\/wp\/v2\/product_tag?post=8481"}],"curies":[{"name":"wp","href":"https:\/\/api.w.org\/{rel}","templated":true}]}}