{"id":8479,"date":"2023-10-30T12:57:00","date_gmt":"2023-10-30T15:57:00","guid":{"rendered":"https:\/\/www.regalosgourmet.cl\/cl\/?post_type=product&#038;p=8479"},"modified":"2025-10-20T16:31:03","modified_gmt":"2025-10-20T19:31:03","slug":"khalo-2025","status":"publish","type":"product","link":"https:\/\/www.regalosgourmet.cl\/cl\/regalos\/khalo-2025\/","title":{"rendered":"Khalo 2025"},"content":{"rendered":"","protected":false},"excerpt":{"rendered":"<p>&#8211; Vino Carmen Gran Reserva Frida Khalo, 750cc<br \/>\n&#8211; Espumante Exta Brut Morande, 750cc<br \/>\n&#8211; Mini pan de pascua, 300grs, Varsovinne.<br \/>\n&#8211; Bandeja de cer\u00e1mica dise\u00f1o n\u00f3rdico de color gris y borde caf\u00e9\/dorado. Medidas: 29 x 13 cm\u00a0(dise\u00f1o seg\u00fan disponibilidad).<\/p>\n<h5><strong>Presentaci\u00f3n:<\/strong><\/h5>\n<ul>\n<li>Caja de cart\u00f3n\u00a0<strong>PREMIUM<\/strong> color negro o blanco.<\/li>\n<li>Cinta de g\u00e9nero en color a elecci\u00f3n*.<\/li>\n<li>Incluye tarjeta personalizada de 9x5cms.<\/li>\n<\/ul>\n<h5><strong>Condiciones<\/strong><\/h5>\n<ul>\n<li><strong>Pedido m\u00ednimo:<\/strong> 20 unidades<\/li>\n<li><strong>Tiempo Entrega:<\/strong> 3 a 5 d\u00edas desde confirmaci\u00f3n.<\/li>\n<\/ul>\n","protected":false},"featured_media":8480,"template":"","meta":{"_joinchat":[]},"product_brand":[],"product_cat":[62,123],"product_tag":[157],"class_list":{"0":"post-8479","1":"product","2":"type-product","3":"status-publish","4":"has-post-thumbnail","6":"product_cat-catalogo-accesorios-y-gourmet","7":"product_cat-picoteo","8":"product_tag-fiestas-fin-de-ano","10":"first","11":"instock","12":"taxable","13":"shipping-taxable","14":"purchasable","15":"product-type-simple"},"_links":{"self":[{"href":"https:\/\/www.regalosgourmet.cl\/cl\/wp-json\/wp\/v2\/product\/8479","targetHints":{"allow":["GET"]}}],"collection":[{"href":"https:\/\/www.regalosgourmet.cl\/cl\/wp-json\/wp\/v2\/product"}],"about":[{"href":"https:\/\/www.regalosgourmet.cl\/cl\/wp-json\/wp\/v2\/types\/product"}],"wp:featuredmedia":[{"embeddable":true,"href":"https:\/\/www.regalosgourmet.cl\/cl\/wp-json\/wp\/v2\/media\/8480"}],"wp:attachment":[{"href":"https:\/\/www.regalosgourmet.cl\/cl\/wp-json\/wp\/v2\/media?parent=8479"}],"wp:term":[{"taxonomy":"product_brand","embeddable":true,"href":"https:\/\/www.regalosgourmet.cl\/cl\/wp-json\/wp\/v2\/product_brand?post=8479"},{"taxonomy":"product_cat","embeddable":true,"href":"https:\/\/www.regalosgourmet.cl\/cl\/wp-json\/wp\/v2\/product_cat?post=8479"},{"taxonomy":"product_tag","embeddable":true,"href":"https:\/\/www.regalosgourmet.cl\/cl\/wp-json\/wp\/v2\/product_tag?post=8479"}],"curies":[{"name":"wp","href":"https:\/\/api.w.org\/{rel}","templated":true}]}}