{"id":8473,"date":"2023-10-30T12:52:52","date_gmt":"2023-10-30T15:52:52","guid":{"rendered":"https:\/\/www.regalosgourmet.cl\/cl\/?post_type=product&#038;p=8473"},"modified":"2025-10-20T18:01:43","modified_gmt":"2025-10-20T21:01:43","slug":"celebracion-royal","status":"publish","type":"product","link":"https:\/\/www.regalosgourmet.cl\/cl\/regalos\/celebracion-royal\/","title":{"rendered":"Celebraci\u00f3n Royal"},"content":{"rendered":"","protected":false},"excerpt":{"rendered":"<p>&#8211; Espumante Brut Royal, Undurraga, 750cc.<br \/>\n&#8211; Galletas artesanales pita, variedad de sabores 50grs Bocanboca<br \/>\n&#8211; Pesto de alcachofas o de pimiento piquillo con almendras 140grs Perfect Choice.<br \/>\n&#8211; Pan de Pascua artesanal de dulcer\u00eda premium 500grs envuelto en algod\u00f3n, con t\u00e9cnica japonesa Furoshiki.<br \/>\n&#8211; Jam\u00f3n serrano Jo Charcuteria, 100grs.<br \/>\n&#8211; Chips de Papas, Camote y Zanahoria con Sal de Mar 140grs, Flip.<br \/>\n&#8211; Bolsita con galletas Navide\u00f1as artesanales decoradas, 100grs<\/p>\n<h5><strong>Presentaci\u00f3n:<\/strong><\/h5>\n<ul>\n<li>Caja de cart\u00f3n\u00a0<strong>PREMIUM<\/strong> color negro o blanco con cierre imantado.<\/li>\n<li>Cinta de g\u00e9nero en color a elecci\u00f3n*.<\/li>\n<li>Incluye tarjeta personalizada de 9x5cms.<\/li>\n<\/ul>\n<h5><strong>Condiciones<\/strong><\/h5>\n<ul>\n<li><strong>Pedido m\u00ednimo:<\/strong> 20 unidades<\/li>\n<li><strong>Tiempo Entrega:<\/strong> 3 a 5 d\u00edas desde confirmaci\u00f3n.<\/li>\n<\/ul>\n","protected":false},"featured_media":8474,"template":"","meta":{"_joinchat":[]},"product_brand":[],"product_cat":[123],"product_tag":[157],"class_list":{"0":"post-8473","1":"product","2":"type-product","3":"status-publish","4":"has-post-thumbnail","6":"product_cat-picoteo","7":"product_tag-fiestas-fin-de-ano","9":"first","10":"instock","11":"taxable","12":"shipping-taxable","13":"purchasable","14":"product-type-simple"},"_links":{"self":[{"href":"https:\/\/www.regalosgourmet.cl\/cl\/wp-json\/wp\/v2\/product\/8473","targetHints":{"allow":["GET"]}}],"collection":[{"href":"https:\/\/www.regalosgourmet.cl\/cl\/wp-json\/wp\/v2\/product"}],"about":[{"href":"https:\/\/www.regalosgourmet.cl\/cl\/wp-json\/wp\/v2\/types\/product"}],"wp:featuredmedia":[{"embeddable":true,"href":"https:\/\/www.regalosgourmet.cl\/cl\/wp-json\/wp\/v2\/media\/8474"}],"wp:attachment":[{"href":"https:\/\/www.regalosgourmet.cl\/cl\/wp-json\/wp\/v2\/media?parent=8473"}],"wp:term":[{"taxonomy":"product_brand","embeddable":true,"href":"https:\/\/www.regalosgourmet.cl\/cl\/wp-json\/wp\/v2\/product_brand?post=8473"},{"taxonomy":"product_cat","embeddable":true,"href":"https:\/\/www.regalosgourmet.cl\/cl\/wp-json\/wp\/v2\/product_cat?post=8473"},{"taxonomy":"product_tag","embeddable":true,"href":"https:\/\/www.regalosgourmet.cl\/cl\/wp-json\/wp\/v2\/product_tag?post=8473"}],"curies":[{"name":"wp","href":"https:\/\/api.w.org\/{rel}","templated":true}]}}