{"id":8435,"date":"2023-10-30T11:24:04","date_gmt":"2023-10-30T14:24:04","guid":{"rendered":"https:\/\/www.regalosgourmet.cl\/cl\/?post_type=product&#038;p=8435"},"modified":"2025-10-20T23:56:23","modified_gmt":"2025-10-21T02:56:23","slug":"mas-que-merecido-descanso","status":"publish","type":"product","link":"https:\/\/www.regalosgourmet.cl\/cl\/regalos\/mas-que-merecido-descanso\/","title":{"rendered":"M\u00e1s que merecido descanso"},"content":{"rendered":"","protected":false},"excerpt":{"rendered":"<p>&#8211; Aceite Mood Aromaterapia para subir el \u00e1nimo, entrega un espacio de<br \/>\nestabilidad f\u00edsica, emocional y mental. Contiene aceites esenciales y flores de Bach. Mood 5ml<br \/>\n&#8211; Manta de algod\u00f3n de 120x150cms.<br \/>\n&#8211; Vela arom\u00e1tica 7x9cm.<br \/>\n&#8211; Galletas dulces artesanales surtidas: almendras laminadas, toffee, cranberries mani, avena con chips de coco y de chocolate, mini alfajores y chocolate; 250grs, El Horno de Dominga<br \/>\n&#8211; Submarino bloque de chocolate semiamargo 55% cacao.\u00a0Se sumerge en leche caliente y se derrite lentamente.<br \/>\n&#8211; Taz\u00f3n de cer\u00e1mica r\u00fastico con ribete dorado, color crema, gris o azul.<\/p>\n<h5><strong>Presentaci\u00f3n:<\/strong><\/h5>\n<ul>\n<li>Canasto de fibra reutilizable envuelto en celof\u00e1n transparente.<\/li>\n<li>Cinta de g\u00e9nero en color a elecci\u00f3n*.<\/li>\n<li>Incluye tarjeta personalizada de 9x5cms.<\/li>\n<\/ul>\n<h5><strong>Condiciones<\/strong><\/h5>\n<ul>\n<li><strong>Pedido m\u00ednimo:<\/strong> 25 unidades<\/li>\n<li><strong>Tiempo Entrega:<\/strong> 3 a 7 d\u00edas desde confirmaci\u00f3n.<\/li>\n<\/ul>\n","protected":false},"featured_media":8436,"template":"","meta":{"_joinchat":[]},"product_brand":[],"product_cat":[124,30],"product_tag":[157,136],"class_list":{"0":"post-8435","1":"product","2":"type-product","3":"status-publish","4":"has-post-thumbnail","6":"product_cat-coffee-break-y-desayunos","7":"product_cat-tiempo-libre","8":"product_tag-fiestas-fin-de-ano","9":"product_tag-para-mama","11":"first","12":"instock","13":"taxable","14":"shipping-taxable","15":"purchasable","16":"product-type-simple"},"_links":{"self":[{"href":"https:\/\/www.regalosgourmet.cl\/cl\/wp-json\/wp\/v2\/product\/8435","targetHints":{"allow":["GET"]}}],"collection":[{"href":"https:\/\/www.regalosgourmet.cl\/cl\/wp-json\/wp\/v2\/product"}],"about":[{"href":"https:\/\/www.regalosgourmet.cl\/cl\/wp-json\/wp\/v2\/types\/product"}],"wp:featuredmedia":[{"embeddable":true,"href":"https:\/\/www.regalosgourmet.cl\/cl\/wp-json\/wp\/v2\/media\/8436"}],"wp:attachment":[{"href":"https:\/\/www.regalosgourmet.cl\/cl\/wp-json\/wp\/v2\/media?parent=8435"}],"wp:term":[{"taxonomy":"product_brand","embeddable":true,"href":"https:\/\/www.regalosgourmet.cl\/cl\/wp-json\/wp\/v2\/product_brand?post=8435"},{"taxonomy":"product_cat","embeddable":true,"href":"https:\/\/www.regalosgourmet.cl\/cl\/wp-json\/wp\/v2\/product_cat?post=8435"},{"taxonomy":"product_tag","embeddable":true,"href":"https:\/\/www.regalosgourmet.cl\/cl\/wp-json\/wp\/v2\/product_tag?post=8435"}],"curies":[{"name":"wp","href":"https:\/\/api.w.org\/{rel}","templated":true}]}}