{"id":8429,"date":"2023-10-30T11:20:18","date_gmt":"2023-10-30T14:20:18","guid":{"rendered":"https:\/\/www.regalosgourmet.cl\/cl\/?post_type=product&#038;p=8429"},"modified":"2025-10-21T00:01:09","modified_gmt":"2025-10-21T03:01:09","slug":"paseando-por-roma","status":"publish","type":"product","link":"https:\/\/www.regalosgourmet.cl\/cl\/regalos\/paseando-por-roma\/","title":{"rendered":"Paseando por Roma"},"content":{"rendered":"","protected":false},"excerpt":{"rendered":"<p>&#8211; Cafetera Francesa modelo Roma de vidrio de borosilicato, capacidad de 6 tazas, Oroley.<br \/>\n&#8211; Caf\u00e9 de grano molido Inga Aponte, caf\u00e9 colombiano de intensidad media-alta, Se\u00f1or k, 250grs.<br \/>\n&#8211; Bolsita con 4 campanas de chocolate de leche 32% cacao, chocolate macizo. Envoltorio con colgante para decorar el \u00e1rbol navide\u00f1o<\/p>\n<h5><strong>Presentaci\u00f3n:<\/strong><\/h5>\n<ul>\n<li>Caja de cart\u00f3n <strong>microcorrugado con certificaci\u00f3n FSC<\/strong> en color negro, kraft o blanco.<\/li>\n<li>Cinta de g\u00e9nero en color a elecci\u00f3n*.<\/li>\n<li>Incluye tarjeta personalizada de 9x5cms.<\/li>\n<\/ul>\n<h5><strong>Condiciones<\/strong><\/h5>\n<ul>\n<li><strong>Pedido m\u00ednimo:<\/strong> 25 unidades<\/li>\n<li><strong>Tiempo Entrega:<\/strong> 3 a 7 d\u00edas desde confirmaci\u00f3n.<\/li>\n<\/ul>\n","protected":false},"featured_media":8431,"template":"","meta":{"_joinchat":[]},"product_brand":[],"product_cat":[124],"product_tag":[157],"class_list":{"0":"post-8429","1":"product","2":"type-product","3":"status-publish","4":"has-post-thumbnail","6":"product_cat-coffee-break-y-desayunos","7":"product_tag-fiestas-fin-de-ano","9":"first","10":"instock","11":"taxable","12":"shipping-taxable","13":"purchasable","14":"product-type-simple"},"_links":{"self":[{"href":"https:\/\/www.regalosgourmet.cl\/cl\/wp-json\/wp\/v2\/product\/8429","targetHints":{"allow":["GET"]}}],"collection":[{"href":"https:\/\/www.regalosgourmet.cl\/cl\/wp-json\/wp\/v2\/product"}],"about":[{"href":"https:\/\/www.regalosgourmet.cl\/cl\/wp-json\/wp\/v2\/types\/product"}],"wp:featuredmedia":[{"embeddable":true,"href":"https:\/\/www.regalosgourmet.cl\/cl\/wp-json\/wp\/v2\/media\/8431"}],"wp:attachment":[{"href":"https:\/\/www.regalosgourmet.cl\/cl\/wp-json\/wp\/v2\/media?parent=8429"}],"wp:term":[{"taxonomy":"product_brand","embeddable":true,"href":"https:\/\/www.regalosgourmet.cl\/cl\/wp-json\/wp\/v2\/product_brand?post=8429"},{"taxonomy":"product_cat","embeddable":true,"href":"https:\/\/www.regalosgourmet.cl\/cl\/wp-json\/wp\/v2\/product_cat?post=8429"},{"taxonomy":"product_tag","embeddable":true,"href":"https:\/\/www.regalosgourmet.cl\/cl\/wp-json\/wp\/v2\/product_tag?post=8429"}],"curies":[{"name":"wp","href":"https:\/\/api.w.org\/{rel}","templated":true}]}}