{"id":8424,"date":"2023-10-30T11:16:54","date_gmt":"2023-10-30T14:16:54","guid":{"rendered":"https:\/\/www.regalosgourmet.cl\/cl\/?post_type=product&#038;p=8424"},"modified":"2025-10-21T12:08:06","modified_gmt":"2025-10-21T15:08:06","slug":"chocolatoso-en-navidad","status":"publish","type":"product","link":"https:\/\/www.regalosgourmet.cl\/cl\/regalos\/chocolatoso-en-navidad\/","title":{"rendered":"Chocolatoso en Navidad"},"content":{"rendered":"","protected":false},"excerpt":{"rendered":"<p>&#8211; 2 tazones de cer\u00e1mica en color blanco. Dise\u00f1o seg\u00fan disponibilidad.<br \/>\n&#8211; Barra de chocolate 70% de cacao con almendras, 100grs, Barra Chocolate (otras variedades disponibles)<br \/>\n&#8211; 2 Sachets de caf\u00e9 org\u00e1nico 100% ar\u00e1bico. Los sachets son biodegradables y vienen con filtro para usarse directamente en la taza.<br \/>\n&#8211; Bolsita con 4 campanas de chocolate de leche 32% cacao, chocolate macizo. Envoltorio con colgante para decorar el \u00e1rbol navide\u00f1o<\/p>\n<h5><strong>Presentaci\u00f3n:<\/strong><\/h5>\n<ul>\n<li>Caja de cart\u00f3n microcorrugado con<strong> certificaci\u00f3n\u00a0 FSC<\/strong> en color negro, kraft o blanco.<\/li>\n<li>Cinta de g\u00e9nero en color a elecci\u00f3n*.<\/li>\n<li>Incluye tarjeta personalizada de 9x5cms.<\/li>\n<\/ul>\n<h5><strong>Condiciones<\/strong><\/h5>\n<ul>\n<li><strong>Pedido m\u00ednimo:<\/strong> 25 unidades<\/li>\n<li><strong>Tiempo Entrega:<\/strong> 3 a 7 d\u00edas desde confirmaci\u00f3n.<\/li>\n<\/ul>\n","protected":false},"featured_media":8423,"template":"","meta":{"_joinchat":[]},"product_brand":[],"product_cat":[124],"product_tag":[157],"class_list":{"0":"post-8424","1":"product","2":"type-product","3":"status-publish","4":"has-post-thumbnail","6":"product_cat-coffee-break-y-desayunos","7":"product_tag-fiestas-fin-de-ano","9":"first","10":"instock","11":"taxable","12":"shipping-taxable","13":"purchasable","14":"product-type-simple"},"_links":{"self":[{"href":"https:\/\/www.regalosgourmet.cl\/cl\/wp-json\/wp\/v2\/product\/8424","targetHints":{"allow":["GET"]}}],"collection":[{"href":"https:\/\/www.regalosgourmet.cl\/cl\/wp-json\/wp\/v2\/product"}],"about":[{"href":"https:\/\/www.regalosgourmet.cl\/cl\/wp-json\/wp\/v2\/types\/product"}],"wp:featuredmedia":[{"embeddable":true,"href":"https:\/\/www.regalosgourmet.cl\/cl\/wp-json\/wp\/v2\/media\/8423"}],"wp:attachment":[{"href":"https:\/\/www.regalosgourmet.cl\/cl\/wp-json\/wp\/v2\/media?parent=8424"}],"wp:term":[{"taxonomy":"product_brand","embeddable":true,"href":"https:\/\/www.regalosgourmet.cl\/cl\/wp-json\/wp\/v2\/product_brand?post=8424"},{"taxonomy":"product_cat","embeddable":true,"href":"https:\/\/www.regalosgourmet.cl\/cl\/wp-json\/wp\/v2\/product_cat?post=8424"},{"taxonomy":"product_tag","embeddable":true,"href":"https:\/\/www.regalosgourmet.cl\/cl\/wp-json\/wp\/v2\/product_tag?post=8424"}],"curies":[{"name":"wp","href":"https:\/\/api.w.org\/{rel}","templated":true}]}}