{"id":8421,"date":"2023-10-30T11:12:56","date_gmt":"2023-10-30T14:12:56","guid":{"rendered":"https:\/\/www.regalosgourmet.cl\/cl\/?post_type=product&#038;p=8421"},"modified":"2025-10-21T11:41:29","modified_gmt":"2025-10-21T14:41:29","slug":"a-la-inglesa","status":"publish","type":"product","link":"https:\/\/www.regalosgourmet.cl\/cl\/regalos\/a-la-inglesa\/","title":{"rendered":"A la Inglesa"},"content":{"rendered":"","protected":false},"excerpt":{"rendered":"<p>&#8211; Taza de doble vidrio borosilicato, con dise\u00f1o de estrellas doradas u otros dise\u00f1os seg\u00fan disponibilidad. Capacidad 250cc.<br \/>\n&#8211; Tetera de vidrio borosilicato con filtro de acero inoxidable. Capacidad 500cc.<br \/>\n&#8211; Lata de T\u00e9 premium en Hojas Dammann Breakfast N\u00b06. Es una mezcla de t\u00e9s de Ceil\u00e1n, Darjeeling y Assam. 100grs<\/p>\n<h5><strong>Presentaci\u00f3n:<\/strong><\/h5>\n<ul>\n<li>Caja de cart\u00f3n <strong>PREMIUM<\/strong> color negro o blanca.<\/li>\n<li>Cinta de g\u00e9nero en color a elecci\u00f3n*.<\/li>\n<li>Incluye tarjeta personalizada de 9x5cms.<\/li>\n<\/ul>\n<h5><strong>Condiciones<\/strong><\/h5>\n<ul>\n<li><strong>Pedido m\u00ednimo:<\/strong> 25 unidades<\/li>\n<li><strong>Tiempo Entrega:<\/strong> 3 a 7 d\u00edas desde confirmaci\u00f3n.<\/li>\n<\/ul>\n","protected":false},"featured_media":8422,"template":"","meta":{"_joinchat":[]},"product_brand":[],"product_cat":[124],"product_tag":[157],"class_list":{"0":"post-8421","1":"product","2":"type-product","3":"status-publish","4":"has-post-thumbnail","6":"product_cat-coffee-break-y-desayunos","7":"product_tag-fiestas-fin-de-ano","9":"first","10":"instock","11":"taxable","12":"shipping-taxable","13":"purchasable","14":"product-type-simple"},"_links":{"self":[{"href":"https:\/\/www.regalosgourmet.cl\/cl\/wp-json\/wp\/v2\/product\/8421","targetHints":{"allow":["GET"]}}],"collection":[{"href":"https:\/\/www.regalosgourmet.cl\/cl\/wp-json\/wp\/v2\/product"}],"about":[{"href":"https:\/\/www.regalosgourmet.cl\/cl\/wp-json\/wp\/v2\/types\/product"}],"wp:featuredmedia":[{"embeddable":true,"href":"https:\/\/www.regalosgourmet.cl\/cl\/wp-json\/wp\/v2\/media\/8422"}],"wp:attachment":[{"href":"https:\/\/www.regalosgourmet.cl\/cl\/wp-json\/wp\/v2\/media?parent=8421"}],"wp:term":[{"taxonomy":"product_brand","embeddable":true,"href":"https:\/\/www.regalosgourmet.cl\/cl\/wp-json\/wp\/v2\/product_brand?post=8421"},{"taxonomy":"product_cat","embeddable":true,"href":"https:\/\/www.regalosgourmet.cl\/cl\/wp-json\/wp\/v2\/product_cat?post=8421"},{"taxonomy":"product_tag","embeddable":true,"href":"https:\/\/www.regalosgourmet.cl\/cl\/wp-json\/wp\/v2\/product_tag?post=8421"}],"curies":[{"name":"wp","href":"https:\/\/api.w.org\/{rel}","templated":true}]}}