{"id":8419,"date":"2023-10-30T11:09:53","date_gmt":"2023-10-30T14:09:53","guid":{"rendered":"https:\/\/www.regalosgourmet.cl\/cl\/?post_type=product&#038;p=8419"},"modified":"2024-05-28T18:27:20","modified_gmt":"2024-05-28T21:27:20","slug":"danubio-azul","status":"publish","type":"product","link":"https:\/\/www.regalosgourmet.cl\/cl\/regalos\/danubio-azul\/","title":{"rendered":"Danubio Azul"},"content":{"rendered":"","protected":false},"excerpt":{"rendered":"<p>&#8211; Cafetera embolo prensa francesa, modelo Roma nude, capacidad<br \/>\npara 6 tazas. Oroley.<br \/>\n&#8211; Cafe de grano mezcla de caf\u00e9 100% Ar\u00e1bica. Es un caf\u00e9 elegante, de<br \/>\nexcelente cuerpo y un delicado dulzor propio del aroma de cereales y<br \/>\nchocolate 250grs. Hausbrandt<br \/>\n&#8211; Vaso de borosilicato de doble pared, interior de color azul y exterior<br \/>\ntransparente. Capacidad 250ml<\/p>\n<h5><strong>Presentaci\u00f3n:<\/strong><\/h5>\n<ul>\n<li>Caja de cart\u00f3n <strong>PREMIUM<\/strong> color negro con cinta de g\u00e9nero en color a elecci\u00f3n*.<\/li>\n<li>Incluye tarjeta personalizada de 9x5cms.<\/li>\n<\/ul>\n<h5><strong>Condiciones<\/strong><\/h5>\n<ul>\n<li><strong>Pedido m\u00ednimo:<\/strong> 25 unidades<\/li>\n<li><strong>Tiempo Entrega:<\/strong> 3 a 7 d\u00edas desde confirmaci\u00f3n.<\/li>\n<\/ul>\n","protected":false},"featured_media":8420,"template":"","meta":{"_joinchat":[]},"product_brand":[],"product_cat":[124],"product_tag":[157,136,152],"class_list":{"0":"post-8419","1":"product","2":"type-product","3":"status-publish","4":"has-post-thumbnail","6":"product_cat-coffee-break-y-desayunos","7":"product_tag-fiestas-fin-de-ano","8":"product_tag-para-mama","9":"product_tag-para-papa","11":"first","12":"instock","13":"taxable","14":"shipping-taxable","15":"purchasable","16":"product-type-simple"},"_links":{"self":[{"href":"https:\/\/www.regalosgourmet.cl\/cl\/wp-json\/wp\/v2\/product\/8419","targetHints":{"allow":["GET"]}}],"collection":[{"href":"https:\/\/www.regalosgourmet.cl\/cl\/wp-json\/wp\/v2\/product"}],"about":[{"href":"https:\/\/www.regalosgourmet.cl\/cl\/wp-json\/wp\/v2\/types\/product"}],"wp:featuredmedia":[{"embeddable":true,"href":"https:\/\/www.regalosgourmet.cl\/cl\/wp-json\/wp\/v2\/media\/8420"}],"wp:attachment":[{"href":"https:\/\/www.regalosgourmet.cl\/cl\/wp-json\/wp\/v2\/media?parent=8419"}],"wp:term":[{"taxonomy":"product_brand","embeddable":true,"href":"https:\/\/www.regalosgourmet.cl\/cl\/wp-json\/wp\/v2\/product_brand?post=8419"},{"taxonomy":"product_cat","embeddable":true,"href":"https:\/\/www.regalosgourmet.cl\/cl\/wp-json\/wp\/v2\/product_cat?post=8419"},{"taxonomy":"product_tag","embeddable":true,"href":"https:\/\/www.regalosgourmet.cl\/cl\/wp-json\/wp\/v2\/product_tag?post=8419"}],"curies":[{"name":"wp","href":"https:\/\/api.w.org\/{rel}","templated":true}]}}