{"id":8407,"date":"2023-10-30T10:57:17","date_gmt":"2023-10-30T13:57:17","guid":{"rendered":"https:\/\/www.regalosgourmet.cl\/cl\/?post_type=product&#038;p=8407"},"modified":"2025-07-17T12:44:23","modified_gmt":"2025-07-17T15:44:23","slug":"set-greda-navideno","status":"publish","type":"product","link":"https:\/\/www.regalosgourmet.cl\/cl\/regalos\/set-greda-navideno\/","title":{"rendered":"Set Greda caja premium"},"content":{"rendered":"","protected":false},"excerpt":{"rendered":"<h6><strong>Este regalo incluye:<\/strong><\/h6>\n<ul>\n<li>Jarrito de greda ideal para pisco sour fabricado a mano por artesanos de Pomaire. Medidas: 19 cms de alto x 6,5cms de diametro. Native Kitchen.<\/li>\n<li>6 vasitos de greda fabricados a mano por artesanos de Pomaire. Medidas: 6cms de alto x 5,5 cms de diametro. Native Kitchen<\/li>\n<\/ul>\n<h5><strong>Presentaci\u00f3n:<\/strong><\/h5>\n<ul>\n<li><strong>Caja Premium<\/strong>\u00a0de cart\u00f3n forrado en color blanco o negro. (consultar por opciones de personalizaci\u00f3n).<\/li>\n<li>Cinta de g\u00e9nero en color a elecci\u00f3n (seg\u00fan disponibilidad).<\/li>\n<li>Tarjeta de saludo con gr\u00e1fica de cliente de 5 x 9 cm. (Consulta por nuestros pre-dise\u00f1os para fechas especiales)<\/li>\n<\/ul>\n<h5><strong>Condiciones<\/strong><\/h5>\n<ul>\n<li><strong>Pedido m\u00ednimo:<\/strong> 50 unidades<\/li>\n<li><strong>Tiempo Entrega:<\/strong>\u00a0 10 &#8211; 15 d\u00edas h\u00e1biles desde confirmaci\u00f3n. Elaborado a pedido.<\/li>\n<\/ul>\n","protected":false},"featured_media":8408,"template":"","meta":{"_joinchat":[]},"product_brand":[],"product_cat":[62,126],"product_tag":[157],"class_list":{"0":"post-8407","1":"product","2":"type-product","3":"status-publish","4":"has-post-thumbnail","6":"product_cat-catalogo-accesorios-y-gourmet","7":"product_cat-bar-y-cocteleria","8":"product_tag-fiestas-fin-de-ano","10":"first","11":"instock","12":"taxable","13":"shipping-taxable","14":"purchasable","15":"product-type-simple"},"_links":{"self":[{"href":"https:\/\/www.regalosgourmet.cl\/cl\/wp-json\/wp\/v2\/product\/8407","targetHints":{"allow":["GET"]}}],"collection":[{"href":"https:\/\/www.regalosgourmet.cl\/cl\/wp-json\/wp\/v2\/product"}],"about":[{"href":"https:\/\/www.regalosgourmet.cl\/cl\/wp-json\/wp\/v2\/types\/product"}],"wp:featuredmedia":[{"embeddable":true,"href":"https:\/\/www.regalosgourmet.cl\/cl\/wp-json\/wp\/v2\/media\/8408"}],"wp:attachment":[{"href":"https:\/\/www.regalosgourmet.cl\/cl\/wp-json\/wp\/v2\/media?parent=8407"}],"wp:term":[{"taxonomy":"product_brand","embeddable":true,"href":"https:\/\/www.regalosgourmet.cl\/cl\/wp-json\/wp\/v2\/product_brand?post=8407"},{"taxonomy":"product_cat","embeddable":true,"href":"https:\/\/www.regalosgourmet.cl\/cl\/wp-json\/wp\/v2\/product_cat?post=8407"},{"taxonomy":"product_tag","embeddable":true,"href":"https:\/\/www.regalosgourmet.cl\/cl\/wp-json\/wp\/v2\/product_tag?post=8407"}],"curies":[{"name":"wp","href":"https:\/\/api.w.org\/{rel}","templated":true}]}}