{"id":8403,"date":"2023-10-30T10:52:53","date_gmt":"2023-10-30T13:52:53","guid":{"rendered":"https:\/\/www.regalosgourmet.cl\/cl\/?post_type=product&#038;p=8403"},"modified":"2025-08-05T17:37:55","modified_gmt":"2025-08-05T20:37:55","slug":"gota-de-picoteo","status":"publish","type":"product","link":"https:\/\/www.regalosgourmet.cl\/cl\/regalos\/gota-de-picoteo\/","title":{"rendered":"Gota de Picoteo"},"content":{"rendered":"","protected":false},"excerpt":{"rendered":"<p>&#8211;<\/p>\n<ul>\n<li>Tablita de madera nativa con forma de gota, confeccionada de manera artesanal en el Sur de Chile. Medidas: 19x14cms. Native Kitchen.<\/li>\n<li>Cuchillo de madera nativa\u00a0 confeccionada de manera artesanal en el Sur de Chile. Medidas: 12cms<\/li>\n<\/ul>\n<h5><strong>Presentaci\u00f3n:<\/strong><\/h5>\n<ul>\n<li>Bolsa de algod\u00f3n reutilizable y biodegradable en color blanco o negro (consultar disponibilidad).<\/li>\n<li>Cinta de g\u00e9nero en color a elecci\u00f3n (seg\u00fan disponibilidad).<\/li>\n<li>Tarjeta de saludo con gr\u00e1fica de cliente de 5 x 9 cm. (Consulta por nuestros pre-dise\u00f1os para fechas especiales)<\/li>\n<li><\/li>\n<\/ul>\n<h5><strong>Condiciones<\/strong><\/h5>\n<ul>\n<li><strong>Pedido m\u00ednimo:<\/strong> 50 unidades<\/li>\n<li><strong>Tiempo Entrega:<\/strong> 3 a 10 d\u00edas desde confirmaci\u00f3n.<\/li>\n<\/ul>\n","protected":false},"featured_media":8404,"template":"","meta":{"_joinchat":[]},"product_brand":[],"product_cat":[62],"product_tag":[157,152],"class_list":{"0":"post-8403","1":"product","2":"type-product","3":"status-publish","4":"has-post-thumbnail","6":"product_cat-catalogo-accesorios-y-gourmet","7":"product_tag-fiestas-fin-de-ano","8":"product_tag-para-papa","10":"first","11":"instock","12":"taxable","13":"shipping-taxable","14":"purchasable","15":"product-type-simple"},"_links":{"self":[{"href":"https:\/\/www.regalosgourmet.cl\/cl\/wp-json\/wp\/v2\/product\/8403","targetHints":{"allow":["GET"]}}],"collection":[{"href":"https:\/\/www.regalosgourmet.cl\/cl\/wp-json\/wp\/v2\/product"}],"about":[{"href":"https:\/\/www.regalosgourmet.cl\/cl\/wp-json\/wp\/v2\/types\/product"}],"wp:featuredmedia":[{"embeddable":true,"href":"https:\/\/www.regalosgourmet.cl\/cl\/wp-json\/wp\/v2\/media\/8404"}],"wp:attachment":[{"href":"https:\/\/www.regalosgourmet.cl\/cl\/wp-json\/wp\/v2\/media?parent=8403"}],"wp:term":[{"taxonomy":"product_brand","embeddable":true,"href":"https:\/\/www.regalosgourmet.cl\/cl\/wp-json\/wp\/v2\/product_brand?post=8403"},{"taxonomy":"product_cat","embeddable":true,"href":"https:\/\/www.regalosgourmet.cl\/cl\/wp-json\/wp\/v2\/product_cat?post=8403"},{"taxonomy":"product_tag","embeddable":true,"href":"https:\/\/www.regalosgourmet.cl\/cl\/wp-json\/wp\/v2\/product_tag?post=8403"}],"curies":[{"name":"wp","href":"https:\/\/api.w.org\/{rel}","templated":true}]}}