{"id":8380,"date":"2023-10-30T10:32:35","date_gmt":"2023-10-30T13:32:35","guid":{"rendered":"https:\/\/www.regalosgourmet.cl\/cl\/?post_type=product&#038;p=8380"},"modified":"2024-11-14T13:00:12","modified_gmt":"2024-11-14T16:00:12","slug":"el-hombre-de-jengibre","status":"publish","type":"product","link":"https:\/\/www.regalosgourmet.cl\/cl\/regalos\/el-hombre-de-jengibre\/","title":{"rendered":"El Hombre de Jengibre?"},"content":{"rendered":"","protected":false},"excerpt":{"rendered":"<p>&#8211; Bolsa con mix de galletas navide\u00f1as artesanales con glaseado blanco y diferentes dise\u00f1os. 150 gramos<\/p>\n<h5><strong>Presentaci\u00f3n:<\/strong><\/h5>\n<ul>\n<li>Bolsa de celof\u00e1n transparente<\/li>\n<li>Cinta de g\u00e9nero navide\u00f1a o en color a elecci\u00f3n*.<\/li>\n<li>Incluye tarjeta personalizada de 9x5cms (gr\u00e1fica enviada por cliente).<\/li>\n<\/ul>\n<h5><strong>Condiciones<\/strong><\/h5>\n<ul>\n<li><strong>Pedido m\u00ednimo:<\/strong> 50 unidades<\/li>\n<li><strong>Tiempo Entrega:<\/strong> 3 a 5 d\u00edas desde confirmaci\u00f3n.<\/li>\n<\/ul>\n","protected":false},"featured_media":8381,"template":"","meta":{"_joinchat":[]},"product_brand":[],"product_cat":[90],"product_tag":[157],"class_list":{"0":"post-8380","1":"product","2":"type-product","3":"status-publish","4":"has-post-thumbnail","6":"product_cat-mini-regalos","7":"product_tag-fiestas-fin-de-ano","9":"first","10":"instock","11":"taxable","12":"shipping-taxable","13":"purchasable","14":"product-type-simple"},"_links":{"self":[{"href":"https:\/\/www.regalosgourmet.cl\/cl\/wp-json\/wp\/v2\/product\/8380","targetHints":{"allow":["GET"]}}],"collection":[{"href":"https:\/\/www.regalosgourmet.cl\/cl\/wp-json\/wp\/v2\/product"}],"about":[{"href":"https:\/\/www.regalosgourmet.cl\/cl\/wp-json\/wp\/v2\/types\/product"}],"wp:featuredmedia":[{"embeddable":true,"href":"https:\/\/www.regalosgourmet.cl\/cl\/wp-json\/wp\/v2\/media\/8381"}],"wp:attachment":[{"href":"https:\/\/www.regalosgourmet.cl\/cl\/wp-json\/wp\/v2\/media?parent=8380"}],"wp:term":[{"taxonomy":"product_brand","embeddable":true,"href":"https:\/\/www.regalosgourmet.cl\/cl\/wp-json\/wp\/v2\/product_brand?post=8380"},{"taxonomy":"product_cat","embeddable":true,"href":"https:\/\/www.regalosgourmet.cl\/cl\/wp-json\/wp\/v2\/product_cat?post=8380"},{"taxonomy":"product_tag","embeddable":true,"href":"https:\/\/www.regalosgourmet.cl\/cl\/wp-json\/wp\/v2\/product_tag?post=8380"}],"curies":[{"name":"wp","href":"https:\/\/api.w.org\/{rel}","templated":true}]}}