{"id":8276,"date":"2023-08-01T23:50:32","date_gmt":"2023-08-02T02:50:32","guid":{"rendered":"https:\/\/www.regalosgourmet.cl\/cl\/?post_type=product&#038;p=8276"},"modified":"2025-07-17T13:45:04","modified_gmt":"2025-07-17T16:45:04","slug":"patron-del-fundo","status":"publish","type":"product","link":"https:\/\/www.regalosgourmet.cl\/cl\/regalos\/patron-del-fundo\/","title":{"rendered":"Patr\u00f3n del Fundo"},"content":{"rendered":"","protected":false},"excerpt":{"rendered":"<h6><strong>Esta regalo incluye:<\/strong><\/h6>\n<div class=\"description\">\n<ul>\n<li>Tabla parrillera de raul\u00ed con bordes r\u00fasticos, 30x20cms (ancho variable entre 20 y 24 cms, al ser elaborado a mano el ancho y var\u00eda.<\/li>\n<li>Pechera bicolor de jeans y cuero, con accesorios ideales para un real parrillero. Medidas 70cms de ancho x 80cms de largo.<\/li>\n<li>Cuchillo asador de 8\u201d de acero inoxidable con mango de madera.<\/li>\n<li>Trincho asador de acero inoxidable y mango de madera.<\/li>\n<\/ul>\n<\/div>\n<h6><strong>Presentaci\u00f3n:<\/strong><\/h6>\n<ul>\n<li>Bolsa del algod\u00f3n o yute biodegradable con cinta de g\u00e9nero en color a elecci\u00f3n m\u00e1s una tarjeta de 9x5cms. Cliente debe enviar gr\u00e1ficas.<\/li>\n<\/ul>\n<h6><strong>Condiciones:<\/strong><\/h6>\n<ul>\n<li>Compra m\u00ednima: 30 unidades<\/li>\n<\/ul>\n","protected":false},"featured_media":8277,"template":"","meta":{"_joinchat":[]},"product_brand":[],"product_cat":[92],"product_tag":[151,152,144],"class_list":{"0":"post-8276","1":"product","2":"type-product","3":"status-publish","4":"has-post-thumbnail","6":"product_cat-parrilleros","7":"product_tag-packaging-biodegradable","8":"product_tag-para-papa","9":"product_tag-regalos-fiestas-patrias","11":"first","12":"instock","13":"taxable","14":"shipping-taxable","15":"purchasable","16":"product-type-simple"},"_links":{"self":[{"href":"https:\/\/www.regalosgourmet.cl\/cl\/wp-json\/wp\/v2\/product\/8276","targetHints":{"allow":["GET"]}}],"collection":[{"href":"https:\/\/www.regalosgourmet.cl\/cl\/wp-json\/wp\/v2\/product"}],"about":[{"href":"https:\/\/www.regalosgourmet.cl\/cl\/wp-json\/wp\/v2\/types\/product"}],"wp:featuredmedia":[{"embeddable":true,"href":"https:\/\/www.regalosgourmet.cl\/cl\/wp-json\/wp\/v2\/media\/8277"}],"wp:attachment":[{"href":"https:\/\/www.regalosgourmet.cl\/cl\/wp-json\/wp\/v2\/media?parent=8276"}],"wp:term":[{"taxonomy":"product_brand","embeddable":true,"href":"https:\/\/www.regalosgourmet.cl\/cl\/wp-json\/wp\/v2\/product_brand?post=8276"},{"taxonomy":"product_cat","embeddable":true,"href":"https:\/\/www.regalosgourmet.cl\/cl\/wp-json\/wp\/v2\/product_cat?post=8276"},{"taxonomy":"product_tag","embeddable":true,"href":"https:\/\/www.regalosgourmet.cl\/cl\/wp-json\/wp\/v2\/product_tag?post=8276"}],"curies":[{"name":"wp","href":"https:\/\/api.w.org\/{rel}","templated":true}]}}