{"id":8270,"date":"2023-08-01T23:44:15","date_gmt":"2023-08-02T02:44:15","guid":{"rendered":"https:\/\/www.regalosgourmet.cl\/cl\/?post_type=product&#038;p=8270"},"modified":"2025-07-17T13:45:31","modified_gmt":"2025-07-17T16:45:31","slug":"sin-rodeos","status":"publish","type":"product","link":"https:\/\/www.regalosgourmet.cl\/cl\/regalos\/sin-rodeos\/","title":{"rendered":"Sin Rodeos"},"content":{"rendered":"","protected":false},"excerpt":{"rendered":"<h6><strong>Esta regalo incluye:<\/strong><\/h6>\n<div class=\"description\">\n<ul>\n<li>Jam\u00f3n serrano, 100grs, Jo Charcuterie.<\/li>\n<li>Chorizo riojano, 100grs, Jo Charcuterie.<\/li>\n<li>Galletas artesanales pita, 50 grs, Bocanboca (variedades Sal de mar, tomates, finas hierbas, integral).<\/li>\n<li>Mermelada de piment\u00f3n rojo, Mickelsen, 220 gr.<\/li>\n<li>Pasta de alcachofas, 180grs, Perfect Choice<\/li>\n<li>Salmon ahumado al natural en conserva,200grs, Baronesa<\/li>\n<li>Vino Gran Reserva Ensamblaje, Santa Carolina, 750ml.<\/li>\n<li>Espumante Brut Royal, 750cc. Undurraga.<\/li>\n<li>Galleta tostadas artesanales, Nat crackers cranberry- nuez, 80 gr<\/li>\n<li>Queso petit brie, Santa Rosa, 125grs.<\/li>\n<li>Pate Foie Grass 78grs. Henaff.<\/li>\n<\/ul>\n<\/div>\n<h6><strong>Presentaci\u00f3n:<\/strong><\/h6>\n<ul>\n<li>Caja cart\u00f3n color negro, blanco o kraft (seg\u00fan disponibilidad) con certificaci\u00f3n FSC con cinta de g\u00e9nero en color a elecci\u00f3n m\u00e1s una tarjeta de 9x5cms. Cliente debe enviar gr\u00e1ficas.<\/li>\n<\/ul>\n<h6><strong>Condiciones:<\/strong><\/h6>\n<ul>\n<li>Compra m\u00ednima: 30 unidades<\/li>\n<\/ul>\n","protected":false},"featured_media":8271,"template":"","meta":{"_joinchat":[]},"product_brand":[],"product_cat":[123],"product_tag":[149,144],"class_list":{"0":"post-8270","1":"product","2":"type-product","3":"status-publish","4":"has-post-thumbnail","6":"product_cat-picoteo","7":"product_tag-packaging-fsc","8":"product_tag-regalos-fiestas-patrias","10":"first","11":"instock","12":"taxable","13":"shipping-taxable","14":"purchasable","15":"product-type-simple"},"_links":{"self":[{"href":"https:\/\/www.regalosgourmet.cl\/cl\/wp-json\/wp\/v2\/product\/8270","targetHints":{"allow":["GET"]}}],"collection":[{"href":"https:\/\/www.regalosgourmet.cl\/cl\/wp-json\/wp\/v2\/product"}],"about":[{"href":"https:\/\/www.regalosgourmet.cl\/cl\/wp-json\/wp\/v2\/types\/product"}],"wp:featuredmedia":[{"embeddable":true,"href":"https:\/\/www.regalosgourmet.cl\/cl\/wp-json\/wp\/v2\/media\/8271"}],"wp:attachment":[{"href":"https:\/\/www.regalosgourmet.cl\/cl\/wp-json\/wp\/v2\/media?parent=8270"}],"wp:term":[{"taxonomy":"product_brand","embeddable":true,"href":"https:\/\/www.regalosgourmet.cl\/cl\/wp-json\/wp\/v2\/product_brand?post=8270"},{"taxonomy":"product_cat","embeddable":true,"href":"https:\/\/www.regalosgourmet.cl\/cl\/wp-json\/wp\/v2\/product_cat?post=8270"},{"taxonomy":"product_tag","embeddable":true,"href":"https:\/\/www.regalosgourmet.cl\/cl\/wp-json\/wp\/v2\/product_tag?post=8270"}],"curies":[{"name":"wp","href":"https:\/\/api.w.org\/{rel}","templated":true}]}}