{"id":8260,"date":"2023-08-01T23:32:21","date_gmt":"2023-08-02T02:32:21","guid":{"rendered":"https:\/\/www.regalosgourmet.cl\/cl\/?post_type=product&#038;p=8260"},"modified":"2025-07-17T13:46:09","modified_gmt":"2025-07-17T16:46:09","slug":"viva-chile-2025","status":"publish","type":"product","link":"https:\/\/www.regalosgourmet.cl\/cl\/regalos\/viva-chile-2025\/","title":{"rendered":"Viva Chile 2025"},"content":{"rendered":"","protected":false},"excerpt":{"rendered":"<h6><strong>Esta regalo incluye:<\/strong><\/h6>\n<div class=\"description\">\n<ul>\n<li>Vino Reserva Morand\u00e9 Pionero, 750cc.<\/li>\n<li>Chorizo laminado, 100grs, Jo Charcuterie.<\/li>\n<li>Chips de Papas, Camote y Zanahoria con Sal de Mar. 170grs, Flip.<\/li>\n<li>Pepinos dulces o picantes, 430grs, By Maria.<\/li>\n<li>Bolsita con 6 mini alfajores rellenos de manjar y ba\u00f1ados en chocolate.<\/li>\n<li>Trompo de madera fabricado artesanalmente, incluye logo corporativo<\/li>\n<\/ul>\n<\/div>\n<h6><strong>Presentaci\u00f3n:<\/strong><\/h6>\n<ul>\n<li>Caja cart\u00f3n color negro, blanco o kraft (seg\u00fan disponibilidad) con certificaci\u00f3n FSC con cinta de g\u00e9nero en color a elecci\u00f3n m\u00e1s una tarjeta de 9x5cms. Cliente debe enviar gr\u00e1ficas.<\/li>\n<\/ul>\n<h6><strong>Condiciones:<\/strong><\/h6>\n<ul>\n<li>Compra m\u00ednima: 30 unidades<\/li>\n<\/ul>\n","protected":false},"featured_media":8261,"template":"","meta":{"_joinchat":[]},"product_brand":[],"product_cat":[123],"product_tag":[149,144],"class_list":{"0":"post-8260","1":"product","2":"type-product","3":"status-publish","4":"has-post-thumbnail","6":"product_cat-picoteo","7":"product_tag-packaging-fsc","8":"product_tag-regalos-fiestas-patrias","10":"first","11":"instock","12":"taxable","13":"shipping-taxable","14":"purchasable","15":"product-type-simple"},"_links":{"self":[{"href":"https:\/\/www.regalosgourmet.cl\/cl\/wp-json\/wp\/v2\/product\/8260","targetHints":{"allow":["GET"]}}],"collection":[{"href":"https:\/\/www.regalosgourmet.cl\/cl\/wp-json\/wp\/v2\/product"}],"about":[{"href":"https:\/\/www.regalosgourmet.cl\/cl\/wp-json\/wp\/v2\/types\/product"}],"wp:featuredmedia":[{"embeddable":true,"href":"https:\/\/www.regalosgourmet.cl\/cl\/wp-json\/wp\/v2\/media\/8261"}],"wp:attachment":[{"href":"https:\/\/www.regalosgourmet.cl\/cl\/wp-json\/wp\/v2\/media?parent=8260"}],"wp:term":[{"taxonomy":"product_brand","embeddable":true,"href":"https:\/\/www.regalosgourmet.cl\/cl\/wp-json\/wp\/v2\/product_brand?post=8260"},{"taxonomy":"product_cat","embeddable":true,"href":"https:\/\/www.regalosgourmet.cl\/cl\/wp-json\/wp\/v2\/product_cat?post=8260"},{"taxonomy":"product_tag","embeddable":true,"href":"https:\/\/www.regalosgourmet.cl\/cl\/wp-json\/wp\/v2\/product_tag?post=8260"}],"curies":[{"name":"wp","href":"https:\/\/api.w.org\/{rel}","templated":true}]}}