{"id":8225,"date":"2023-08-07T01:18:58","date_gmt":"2023-08-07T04:18:58","guid":{"rendered":"https:\/\/www.regalosgourmet.cl\/cl\/?post_type=product&#038;p=8225"},"modified":"2025-07-17T17:43:51","modified_gmt":"2025-07-17T20:43:51","slug":"juego-sour-dulce","status":"publish","type":"product","link":"https:\/\/www.regalosgourmet.cl\/cl\/regalos\/juego-sour-dulce\/","title":{"rendered":"Juego Sour + Dulce"},"content":{"rendered":"","protected":false},"excerpt":{"rendered":"<h6><strong>Esta regalo incluye:<\/strong><\/h6>\n<div class=\"description\">\n<ul>\n<li>Jarrito de greda ideal para pisco sour fabricado a mano por artesanos de Pomaire. Medidas: 19 cms de alto x 6,5cms de diametro. Native Kitchen.<\/li>\n<li>6 vasitos de greda fabricados a mano por artesanos de Pomaire. Medidas: 6cms de alto x 5,5 cms de diametro. Native Kitchen (plato no incluido)<\/li>\n<li>Bolsita con 5 mini alfajores ba\u00f1ados en chocolate.<\/li>\n<\/ul>\n<\/div>\n<h6><strong>Presentaci\u00f3n:<\/strong><\/h6>\n<ul>\n<li>Caja de cart\u00f3n sustentable\u00a0<strong>certificada FSC\u00a0<\/strong>en color kraft, blanco, negro, gris, rojo, oliva o rosado (consultar disponibilidad).<\/li>\n<li>Cinta de g\u00e9nero en color a elecci\u00f3n (seg\u00fan disponibilidad).<\/li>\n<li>Tarjeta de saludo con gr\u00e1fica de cliente de 5 x 9 cm. (Consulta por nuestros pre-dise\u00f1os para fechas especiales)<\/li>\n<li><\/li>\n<\/ul>\n<h6><strong>Condiciones:<\/strong><\/h6>\n<ul>\n<li>La compra m\u00ednima de este producto es de\u00a0<strong>50 unidades.\u00a0<\/strong><strong>Tiempo Entrega:<\/strong>\u00a0 10 \u2013 15 d\u00edas h\u00e1biles desde confirmaci\u00f3n. Elaborado a pedido.<\/li>\n<li>Valor no incluye despacho.<\/li>\n<li><\/li>\n<\/ul>\n","protected":false},"featured_media":8224,"template":"","meta":{"_joinchat":[]},"product_brand":[],"product_cat":[62],"product_tag":[149,144],"class_list":{"0":"post-8225","1":"product","2":"type-product","3":"status-publish","4":"has-post-thumbnail","6":"product_cat-catalogo-accesorios-y-gourmet","7":"product_tag-packaging-fsc","8":"product_tag-regalos-fiestas-patrias","10":"first","11":"instock","12":"taxable","13":"shipping-taxable","14":"purchasable","15":"product-type-simple"},"_links":{"self":[{"href":"https:\/\/www.regalosgourmet.cl\/cl\/wp-json\/wp\/v2\/product\/8225","targetHints":{"allow":["GET"]}}],"collection":[{"href":"https:\/\/www.regalosgourmet.cl\/cl\/wp-json\/wp\/v2\/product"}],"about":[{"href":"https:\/\/www.regalosgourmet.cl\/cl\/wp-json\/wp\/v2\/types\/product"}],"wp:featuredmedia":[{"embeddable":true,"href":"https:\/\/www.regalosgourmet.cl\/cl\/wp-json\/wp\/v2\/media\/8224"}],"wp:attachment":[{"href":"https:\/\/www.regalosgourmet.cl\/cl\/wp-json\/wp\/v2\/media?parent=8225"}],"wp:term":[{"taxonomy":"product_brand","embeddable":true,"href":"https:\/\/www.regalosgourmet.cl\/cl\/wp-json\/wp\/v2\/product_brand?post=8225"},{"taxonomy":"product_cat","embeddable":true,"href":"https:\/\/www.regalosgourmet.cl\/cl\/wp-json\/wp\/v2\/product_cat?post=8225"},{"taxonomy":"product_tag","embeddable":true,"href":"https:\/\/www.regalosgourmet.cl\/cl\/wp-json\/wp\/v2\/product_tag?post=8225"}],"curies":[{"name":"wp","href":"https:\/\/api.w.org\/{rel}","templated":true}]}}