{"id":8222,"date":"2023-08-01T01:16:48","date_gmt":"2023-08-01T04:16:48","guid":{"rendered":"https:\/\/www.regalosgourmet.cl\/cl\/?post_type=product&#038;p=8222"},"modified":"2025-07-17T13:53:51","modified_gmt":"2025-07-17T16:53:51","slug":"de-chilena","status":"publish","type":"product","link":"https:\/\/www.regalosgourmet.cl\/cl\/regalos\/de-chilena\/","title":{"rendered":"De Chilena"},"content":{"rendered":"","protected":false},"excerpt":{"rendered":"<h6><strong>Esta regalo incluye:<\/strong><\/h6>\n<div class=\"description\">\n<ul>\n<li>Adobo Chileno, incre\u00edble aderezo a la chilena ideal para todo tipo de carne, 250grs, Locos por el Asado.<\/li>\n<li>Garra de acero inoxidable y mango de madera, Cristales de Chile.<\/li>\n<li>Saco de tela con sal cl\u00e1sica 400 gr, Cristales de Chile.<\/li>\n<\/ul>\n<\/div>\n<h6><strong>Presentaci\u00f3n:<\/strong><\/h6>\n<ul>\n<li>Caja cart\u00f3n forrado color negro, blanco o kraft (seg\u00fan disponibilidad) con certificaci\u00f3n FSC con cinta de g\u00e9nero en color a elecci\u00f3n m\u00e1s una tarjeta de 9x5cms. Cliente debe enviar gr\u00e1ficas.<\/li>\n<\/ul>\n<h6><strong>Condiciones:<\/strong><\/h6>\n<ul>\n<li>Compra m\u00ednima: 50 unidades<\/li>\n<\/ul>\n","protected":false},"featured_media":8223,"template":"","meta":{"_joinchat":[]},"product_brand":[],"product_cat":[92],"product_tag":[149,144],"class_list":{"0":"post-8222","1":"product","2":"type-product","3":"status-publish","4":"has-post-thumbnail","6":"product_cat-parrilleros","7":"product_tag-packaging-fsc","8":"product_tag-regalos-fiestas-patrias","10":"first","11":"instock","12":"taxable","13":"shipping-taxable","14":"purchasable","15":"product-type-simple"},"_links":{"self":[{"href":"https:\/\/www.regalosgourmet.cl\/cl\/wp-json\/wp\/v2\/product\/8222","targetHints":{"allow":["GET"]}}],"collection":[{"href":"https:\/\/www.regalosgourmet.cl\/cl\/wp-json\/wp\/v2\/product"}],"about":[{"href":"https:\/\/www.regalosgourmet.cl\/cl\/wp-json\/wp\/v2\/types\/product"}],"wp:featuredmedia":[{"embeddable":true,"href":"https:\/\/www.regalosgourmet.cl\/cl\/wp-json\/wp\/v2\/media\/8223"}],"wp:attachment":[{"href":"https:\/\/www.regalosgourmet.cl\/cl\/wp-json\/wp\/v2\/media?parent=8222"}],"wp:term":[{"taxonomy":"product_brand","embeddable":true,"href":"https:\/\/www.regalosgourmet.cl\/cl\/wp-json\/wp\/v2\/product_brand?post=8222"},{"taxonomy":"product_cat","embeddable":true,"href":"https:\/\/www.regalosgourmet.cl\/cl\/wp-json\/wp\/v2\/product_cat?post=8222"},{"taxonomy":"product_tag","embeddable":true,"href":"https:\/\/www.regalosgourmet.cl\/cl\/wp-json\/wp\/v2\/product_tag?post=8222"}],"curies":[{"name":"wp","href":"https:\/\/api.w.org\/{rel}","templated":true}]}}