{"id":8220,"date":"2024-07-10T01:13:41","date_gmt":"2024-07-10T04:13:41","guid":{"rendered":"https:\/\/www.regalosgourmet.cl\/cl\/?post_type=product&#038;p=8220"},"modified":"2025-07-17T13:44:18","modified_gmt":"2025-07-17T16:44:18","slug":"con-una-gotita","status":"publish","type":"product","link":"https:\/\/www.regalosgourmet.cl\/cl\/regalos\/con-una-gotita\/","title":{"rendered":"Con una Gotita"},"content":{"rendered":"","protected":false},"excerpt":{"rendered":"<h6><strong>Esta regalo incluye:<\/strong><\/h6>\n<div class=\"description\">\n<ul>\n<li>Galletas artesanales pita, variedad de sabores, 50grs Bocanboca<\/li>\n<li>Hummus original o variedad I love Hummus.<\/li>\n<li>Mini tabla con forma de gota ideal para aperitivos de madera nativa raul\u00ed, 19x14cms.<\/li>\n<li>Cuchillo de madera nativa de 12cms.<\/li>\n<li>1 Mini stick de carne angus, 25grs, Jo Charcuteria<\/li>\n<li>2 Moai de chocolate rellenos con manjar.<\/li>\n<\/ul>\n<\/div>\n<h6><strong>Presentaci\u00f3n:<\/strong><\/h6>\n<ul>\n<li>Caja cart\u00f3n color negro, blanco o kraft (seg\u00fan disponibilidad) con certificaci\u00f3n FSC.<\/li>\n<li>Cinta de g\u00e9nero en color a elecci\u00f3n<\/li>\n<li>Tarjeta\u00a0 de saludo con logo o mensaje corportivo de 9x5cms (Cliente debe enviar gr\u00e1ficas)<\/li>\n<\/ul>\n<h6><strong>Condiciones:<\/strong><\/h6>\n<ul>\n<li>Compra m\u00ednima: 40 unidades<\/li>\n<\/ul>\n","protected":false},"featured_media":8221,"template":"","meta":{"_joinchat":[]},"product_brand":[],"product_cat":[62,92,123],"product_tag":[149,144],"class_list":{"0":"post-8220","1":"product","2":"type-product","3":"status-publish","4":"has-post-thumbnail","6":"product_cat-catalogo-accesorios-y-gourmet","7":"product_cat-parrilleros","8":"product_cat-picoteo","9":"product_tag-packaging-fsc","10":"product_tag-regalos-fiestas-patrias","12":"first","13":"instock","14":"taxable","15":"shipping-taxable","16":"purchasable","17":"product-type-simple"},"_links":{"self":[{"href":"https:\/\/www.regalosgourmet.cl\/cl\/wp-json\/wp\/v2\/product\/8220","targetHints":{"allow":["GET"]}}],"collection":[{"href":"https:\/\/www.regalosgourmet.cl\/cl\/wp-json\/wp\/v2\/product"}],"about":[{"href":"https:\/\/www.regalosgourmet.cl\/cl\/wp-json\/wp\/v2\/types\/product"}],"wp:featuredmedia":[{"embeddable":true,"href":"https:\/\/www.regalosgourmet.cl\/cl\/wp-json\/wp\/v2\/media\/8221"}],"wp:attachment":[{"href":"https:\/\/www.regalosgourmet.cl\/cl\/wp-json\/wp\/v2\/media?parent=8220"}],"wp:term":[{"taxonomy":"product_brand","embeddable":true,"href":"https:\/\/www.regalosgourmet.cl\/cl\/wp-json\/wp\/v2\/product_brand?post=8220"},{"taxonomy":"product_cat","embeddable":true,"href":"https:\/\/www.regalosgourmet.cl\/cl\/wp-json\/wp\/v2\/product_cat?post=8220"},{"taxonomy":"product_tag","embeddable":true,"href":"https:\/\/www.regalosgourmet.cl\/cl\/wp-json\/wp\/v2\/product_tag?post=8220"}],"curies":[{"name":"wp","href":"https:\/\/api.w.org\/{rel}","templated":true}]}}