{"id":8212,"date":"2023-08-01T01:00:28","date_gmt":"2023-08-01T04:00:28","guid":{"rendered":"https:\/\/www.regalosgourmet.cl\/cl\/?post_type=product&#038;p=8212"},"modified":"2025-07-17T13:56:58","modified_gmt":"2025-07-17T16:56:58","slug":"nada-personal","status":"publish","type":"product","link":"https:\/\/www.regalosgourmet.cl\/cl\/regalos\/nada-personal\/","title":{"rendered":"Nada Personal"},"content":{"rendered":"","protected":false},"excerpt":{"rendered":"<h6><strong>Esta regalo incluye:<\/strong><\/h6>\n<div class=\"description\">\n<ul>\n<li>Vaso cervecero 330ml con posibilidad de agregar logo corporativo.<\/li>\n<li>Cerveza artesanal de 330ml. Mesta. Variedades.<\/li>\n<\/ul>\n<\/div>\n<h6><strong>Presentaci\u00f3n:<\/strong><\/h6>\n<ul>\n<li>Caja de cartulina en color negro, blanco o kraft (seg\u00fan disponibilidad) con certificaci\u00f3n FSC. Es posible cerrar con cinta de g\u00e9nero en color a elecci\u00f3n m\u00e1s una tarjeta de 9x5cms o con sticker adhesivo de cierre. Cliente debe enviar gr\u00e1ficas.<\/li>\n<\/ul>\n<h6><strong>Condiciones:<\/strong><\/h6>\n<ul>\n<li>Compra m\u00ednima: 50 unidades<\/li>\n<\/ul>\n","protected":false},"featured_media":8213,"template":"","meta":{"_joinchat":[]},"product_brand":[],"product_cat":[62,90],"product_tag":[144],"class_list":{"0":"post-8212","1":"product","2":"type-product","3":"status-publish","4":"has-post-thumbnail","6":"product_cat-catalogo-accesorios-y-gourmet","7":"product_cat-mini-regalos","8":"product_tag-regalos-fiestas-patrias","10":"first","11":"instock","12":"taxable","13":"shipping-taxable","14":"purchasable","15":"product-type-simple"},"_links":{"self":[{"href":"https:\/\/www.regalosgourmet.cl\/cl\/wp-json\/wp\/v2\/product\/8212","targetHints":{"allow":["GET"]}}],"collection":[{"href":"https:\/\/www.regalosgourmet.cl\/cl\/wp-json\/wp\/v2\/product"}],"about":[{"href":"https:\/\/www.regalosgourmet.cl\/cl\/wp-json\/wp\/v2\/types\/product"}],"wp:featuredmedia":[{"embeddable":true,"href":"https:\/\/www.regalosgourmet.cl\/cl\/wp-json\/wp\/v2\/media\/8213"}],"wp:attachment":[{"href":"https:\/\/www.regalosgourmet.cl\/cl\/wp-json\/wp\/v2\/media?parent=8212"}],"wp:term":[{"taxonomy":"product_brand","embeddable":true,"href":"https:\/\/www.regalosgourmet.cl\/cl\/wp-json\/wp\/v2\/product_brand?post=8212"},{"taxonomy":"product_cat","embeddable":true,"href":"https:\/\/www.regalosgourmet.cl\/cl\/wp-json\/wp\/v2\/product_cat?post=8212"},{"taxonomy":"product_tag","embeddable":true,"href":"https:\/\/www.regalosgourmet.cl\/cl\/wp-json\/wp\/v2\/product_tag?post=8212"}],"curies":[{"name":"wp","href":"https:\/\/api.w.org\/{rel}","templated":true}]}}