{"id":8170,"date":"2023-06-01T15:05:16","date_gmt":"2023-06-01T18:05:16","guid":{"rendered":"https:\/\/www.regalosgourmet.cl\/cl\/?post_type=product&#038;p=8170"},"modified":"2023-06-01T15:08:24","modified_gmt":"2023-06-01T18:08:24","slug":"papa-bacan","status":"publish","type":"product","link":"https:\/\/www.regalosgourmet.cl\/cl\/regalos\/papa-bacan\/","title":{"rendered":"Pap\u00e1 Bac\u00e1n"},"content":{"rendered":"","protected":false},"excerpt":{"rendered":"<h6><strong>Esta regalo incluye:<\/strong><\/h6>\n<ul>\n<li>Taz\u00f3n de vidrio templado.<\/li>\n<li>1 sachet drip de caf\u00e9 100% ar\u00e1bico listo para consumir, variedades Caf\u00e9 Se\u00f1or K. Sachet biodegradable y funciona como filtro, s\u00f3lo hay que abrirlo, verter agua caliente, esperar unos minutos y listo.<\/li>\n<li>2 barquillos rellenos con manjar y dulce de leche o nutela, La Barquilleria.<\/li>\n<li>1 par de calcetines con dise\u00f1o (variedadad de dise\u00f1os). 80% Algod\u00f3n &#8211; 15% Nylon &#8211; 5% Espandex. Talla \u00fanica 37-42.<\/li>\n<\/ul>\n<h6><strong style=\"font-size: 16px;\">Presentaci\u00f3n:<\/strong><\/h6>\n<ul>\n<li>Caja de color negro, blanco o kraft certificada FSC con cinta de g\u00e9nero en color a elecci\u00f3n con tarjeta de saludo personalizado de 5x9cm.<\/li>\n<\/ul>\n<h6><strong>Condiciones:<\/strong><\/h6>\n<ul>\n<li>Compra m\u00ednima: 30 unidades<\/li>\n<\/ul>\n","protected":false},"featured_media":8171,"template":"","meta":{"_joinchat":[]},"product_brand":[],"product_cat":[150,90],"product_tag":[149,152],"class_list":{"0":"post-8170","1":"product","2":"type-product","3":"status-publish","4":"has-post-thumbnail","6":"product_cat-bienestar","7":"product_cat-mini-regalos","8":"product_tag-packaging-fsc","9":"product_tag-para-papa","11":"first","12":"instock","13":"taxable","14":"shipping-taxable","15":"purchasable","16":"product-type-simple"},"_links":{"self":[{"href":"https:\/\/www.regalosgourmet.cl\/cl\/wp-json\/wp\/v2\/product\/8170","targetHints":{"allow":["GET"]}}],"collection":[{"href":"https:\/\/www.regalosgourmet.cl\/cl\/wp-json\/wp\/v2\/product"}],"about":[{"href":"https:\/\/www.regalosgourmet.cl\/cl\/wp-json\/wp\/v2\/types\/product"}],"wp:featuredmedia":[{"embeddable":true,"href":"https:\/\/www.regalosgourmet.cl\/cl\/wp-json\/wp\/v2\/media\/8171"}],"wp:attachment":[{"href":"https:\/\/www.regalosgourmet.cl\/cl\/wp-json\/wp\/v2\/media?parent=8170"}],"wp:term":[{"taxonomy":"product_brand","embeddable":true,"href":"https:\/\/www.regalosgourmet.cl\/cl\/wp-json\/wp\/v2\/product_brand?post=8170"},{"taxonomy":"product_cat","embeddable":true,"href":"https:\/\/www.regalosgourmet.cl\/cl\/wp-json\/wp\/v2\/product_cat?post=8170"},{"taxonomy":"product_tag","embeddable":true,"href":"https:\/\/www.regalosgourmet.cl\/cl\/wp-json\/wp\/v2\/product_tag?post=8170"}],"curies":[{"name":"wp","href":"https:\/\/api.w.org\/{rel}","templated":true}]}}