{"id":8154,"date":"2023-05-26T13:07:17","date_gmt":"2023-05-26T16:07:17","guid":{"rendered":"https:\/\/www.regalosgourmet.cl\/cl\/?post_type=product&#038;p=8154"},"modified":"2023-05-26T13:53:51","modified_gmt":"2023-05-26T16:53:51","slug":"mi-matera","status":"publish","type":"product","link":"https:\/\/www.regalosgourmet.cl\/cl\/regalos\/mi-matera\/","title":{"rendered":"Mi Matera"},"content":{"rendered":"","protected":false},"excerpt":{"rendered":"<h6><strong>Esta regalo incluye:<\/strong><\/h6>\n<div class=\"description\">\n<ul>\n<li>Matera\u00a0de acero inoxidable + bombilla con filtro. Disponible en colores: petr\u00f3leo, oliva, rosado, grafito.<\/li>\n<\/ul>\n<\/div>\n<h6><strong>Presentaci\u00f3n:<\/strong><\/h6>\n<ul>\n<li>Bolsa de papel kraft certificada FSC en color kraft, negra o blanca con cinta de g\u00e9nero en color a elecci\u00f3n. Seg\u00fan disponibilidad. Incluye tarjeta personalizada de 9x5cms.<\/li>\n<\/ul>\n<h6><strong>Condiciones:<\/strong><\/h6>\n<ul>\n<li>Compra m\u00ednima: 25 unidades<\/li>\n<\/ul>\n","protected":false},"featured_media":8156,"template":"","meta":{"_joinchat":[]},"product_brand":[],"product_cat":[62,92],"product_tag":[149,152],"class_list":{"0":"post-8154","1":"product","2":"type-product","3":"status-publish","4":"has-post-thumbnail","6":"product_cat-catalogo-accesorios-y-gourmet","7":"product_cat-parrilleros","8":"product_tag-packaging-fsc","9":"product_tag-para-papa","11":"first","12":"instock","13":"taxable","14":"shipping-taxable","15":"purchasable","16":"product-type-simple"},"_links":{"self":[{"href":"https:\/\/www.regalosgourmet.cl\/cl\/wp-json\/wp\/v2\/product\/8154","targetHints":{"allow":["GET"]}}],"collection":[{"href":"https:\/\/www.regalosgourmet.cl\/cl\/wp-json\/wp\/v2\/product"}],"about":[{"href":"https:\/\/www.regalosgourmet.cl\/cl\/wp-json\/wp\/v2\/types\/product"}],"wp:featuredmedia":[{"embeddable":true,"href":"https:\/\/www.regalosgourmet.cl\/cl\/wp-json\/wp\/v2\/media\/8156"}],"wp:attachment":[{"href":"https:\/\/www.regalosgourmet.cl\/cl\/wp-json\/wp\/v2\/media?parent=8154"}],"wp:term":[{"taxonomy":"product_brand","embeddable":true,"href":"https:\/\/www.regalosgourmet.cl\/cl\/wp-json\/wp\/v2\/product_brand?post=8154"},{"taxonomy":"product_cat","embeddable":true,"href":"https:\/\/www.regalosgourmet.cl\/cl\/wp-json\/wp\/v2\/product_cat?post=8154"},{"taxonomy":"product_tag","embeddable":true,"href":"https:\/\/www.regalosgourmet.cl\/cl\/wp-json\/wp\/v2\/product_tag?post=8154"}],"curies":[{"name":"wp","href":"https:\/\/api.w.org\/{rel}","templated":true}]}}