{"id":8086,"date":"2023-04-17T13:12:03","date_gmt":"2023-04-17T16:12:03","guid":{"rendered":"https:\/\/www.regalosgourmet.cl\/cl\/?post_type=product&#038;p=8086"},"modified":"2023-04-18T11:16:52","modified_gmt":"2023-04-18T14:16:52","slug":"organizador-pastel-hexa","status":"publish","type":"product","link":"https:\/\/www.regalosgourmet.cl\/cl\/regalos\/organizador-pastel-hexa\/","title":{"rendered":"Organizador Pastel Hexa"},"content":{"rendered":"","protected":false},"excerpt":{"rendered":"<h6><strong>Esta regalo incluye:<\/strong><\/h6>\n<div class=\"description\">\n<ul>\n<li>Organizador con 6 bandejas modulables de distintos tama\u00f1os y colores. 2 m\u00f3dulos de 19 x 11 cm, 1 m\u00f3dulo de 29 x 22 cm, 1 m\u00f3dulo de 33 x 19 cm, 1 m\u00f3dulo de 38 x 33 cm y 1 m\u00f3dulo de 44,5 x 38,5 cm.<\/li>\n<\/ul>\n<\/div>\n<h6><strong>Presentaci\u00f3n:<\/strong><\/h6>\n<ul>\n<li>Bolsa sustentable de papel kraft con <span style=\"color: #008000;\"><strong>certificaci\u00f3n FSC<\/strong><\/span> de color kraft con cinta de g\u00e9nero en color a elecci\u00f3n (seg\u00fan disponibilidad) con tarjeta de saludo personalizado de 5x9cm.<\/li>\n<\/ul>\n<h6><strong>Condiciones:<\/strong><\/h6>\n<ul>\n<li>Compra m\u00ednima: 20 unidades<\/li>\n<\/ul>\n","protected":false},"featured_media":8087,"template":"","meta":{"_joinchat":[]},"product_brand":[],"product_cat":[95],"product_tag":[149,136,152],"class_list":{"0":"post-8086","1":"product","2":"type-product","3":"status-publish","4":"has-post-thumbnail","6":"product_cat-home-deco","7":"product_tag-packaging-fsc","8":"product_tag-para-mama","9":"product_tag-para-papa","11":"first","12":"instock","13":"taxable","14":"shipping-taxable","15":"purchasable","16":"product-type-simple"},"_links":{"self":[{"href":"https:\/\/www.regalosgourmet.cl\/cl\/wp-json\/wp\/v2\/product\/8086","targetHints":{"allow":["GET"]}}],"collection":[{"href":"https:\/\/www.regalosgourmet.cl\/cl\/wp-json\/wp\/v2\/product"}],"about":[{"href":"https:\/\/www.regalosgourmet.cl\/cl\/wp-json\/wp\/v2\/types\/product"}],"wp:featuredmedia":[{"embeddable":true,"href":"https:\/\/www.regalosgourmet.cl\/cl\/wp-json\/wp\/v2\/media\/8087"}],"wp:attachment":[{"href":"https:\/\/www.regalosgourmet.cl\/cl\/wp-json\/wp\/v2\/media?parent=8086"}],"wp:term":[{"taxonomy":"product_brand","embeddable":true,"href":"https:\/\/www.regalosgourmet.cl\/cl\/wp-json\/wp\/v2\/product_brand?post=8086"},{"taxonomy":"product_cat","embeddable":true,"href":"https:\/\/www.regalosgourmet.cl\/cl\/wp-json\/wp\/v2\/product_cat?post=8086"},{"taxonomy":"product_tag","embeddable":true,"href":"https:\/\/www.regalosgourmet.cl\/cl\/wp-json\/wp\/v2\/product_tag?post=8086"}],"curies":[{"name":"wp","href":"https:\/\/api.w.org\/{rel}","templated":true}]}}