{"id":8014,"date":"2022-11-09T20:05:52","date_gmt":"2022-11-09T23:05:52","guid":{"rendered":"https:\/\/www.regalosgourmet.cl\/cl\/?post_type=product&#038;p=8014"},"modified":"2023-10-19T12:41:19","modified_gmt":"2023-10-19T15:41:19","slug":"picada-al-monte","status":"publish","type":"product","link":"https:\/\/www.regalosgourmet.cl\/cl\/regalos\/picada-al-monte\/","title":{"rendered":"Picada al Monte"},"content":{"rendered":"","protected":false},"excerpt":{"rendered":"<h6><strong>Esta regalo incluye:<\/strong><\/h6>\n<div class=\"description\">\n<ul>\n<li>Vino Montes Classic Series Cabernet Sauvignon, carmenere o malbec Reserva,750 Ml<\/li>\n<li>Chips papas artesanales Nativas con sal de Himalaya, 180grs,Tika.<\/li>\n<li>Pepinos dulces en conserva, By Maria.<\/li>\n<li>Galletas Nat crackers horneadas artesanales, nuez e higo, 60grs, Nat Natural.<\/li>\n<li>Aceitunas rellenas piment\u00f3n Doypack, Nucete<\/li>\n<li>Chorizo chileno, 100grs, La Lober\u00eda.<\/li>\n<li>Tabla circular con mango de raul\u00ed tonos claros a rosados, de 26x15cm.<\/li>\n<li>Bruschetta de alcachofas o de pimiento piquillo, 280grs. Perfect Choice<\/li>\n<\/ul>\n<\/div>\n<h6><strong>Presentaci\u00f3n:<\/strong><\/h6>\n<ul>\n<li>Caja r\u00edgida premium forrada en color negro con cinta de g\u00e9nero en color a elecci\u00f3n con tarjeta de saludo personalizado de 5x9cm.<\/li>\n<\/ul>\n<h6><strong>Condiciones:<\/strong><\/h6>\n<ul>\n<li>Compra m\u00ednima: 20 unidades<\/li>\n<\/ul>\n","protected":false},"featured_media":8016,"template":"","meta":{"_joinchat":[]},"product_brand":[],"product_cat":[123],"product_tag":[157,158],"class_list":{"0":"post-8014","1":"product","2":"type-product","3":"status-publish","4":"has-post-thumbnail","6":"product_cat-picoteo","7":"product_tag-fiestas-fin-de-ano","8":"product_tag-fin-de-ano-2022","10":"first","11":"instock","12":"taxable","13":"shipping-taxable","14":"purchasable","15":"product-type-simple"},"_links":{"self":[{"href":"https:\/\/www.regalosgourmet.cl\/cl\/wp-json\/wp\/v2\/product\/8014","targetHints":{"allow":["GET"]}}],"collection":[{"href":"https:\/\/www.regalosgourmet.cl\/cl\/wp-json\/wp\/v2\/product"}],"about":[{"href":"https:\/\/www.regalosgourmet.cl\/cl\/wp-json\/wp\/v2\/types\/product"}],"wp:featuredmedia":[{"embeddable":true,"href":"https:\/\/www.regalosgourmet.cl\/cl\/wp-json\/wp\/v2\/media\/8016"}],"wp:attachment":[{"href":"https:\/\/www.regalosgourmet.cl\/cl\/wp-json\/wp\/v2\/media?parent=8014"}],"wp:term":[{"taxonomy":"product_brand","embeddable":true,"href":"https:\/\/www.regalosgourmet.cl\/cl\/wp-json\/wp\/v2\/product_brand?post=8014"},{"taxonomy":"product_cat","embeddable":true,"href":"https:\/\/www.regalosgourmet.cl\/cl\/wp-json\/wp\/v2\/product_cat?post=8014"},{"taxonomy":"product_tag","embeddable":true,"href":"https:\/\/www.regalosgourmet.cl\/cl\/wp-json\/wp\/v2\/product_tag?post=8014"}],"curies":[{"name":"wp","href":"https:\/\/api.w.org\/{rel}","templated":true}]}}