{"id":7996,"date":"2022-11-09T13:39:19","date_gmt":"2022-11-09T16:39:19","guid":{"rendered":"https:\/\/www.regalosgourmet.cl\/cl\/?post_type=product&#038;p=7996"},"modified":"2023-10-19T12:32:47","modified_gmt":"2023-10-19T15:32:47","slug":"tabla-de-pascuas","status":"publish","type":"product","link":"https:\/\/www.regalosgourmet.cl\/cl\/regalos\/tabla-de-pascuas\/","title":{"rendered":"Tabla de Pascuas"},"content":{"rendered":"","protected":false},"excerpt":{"rendered":"<h6><strong>Esta regalo incluye:<\/strong><\/h6>\n<div class=\"description\">\n<ul>\n<li>Tabla de madera nativa con bordes circulares. Medidas: ancho18cms, Largo25 cms.<\/li>\n<li>Pan de Pascua Artesanal con frutas y frutos secos, 800grs, Mi Otra Pasi\u00f3n.<\/li>\n<li>Bolsa con mix de galletas navide\u00f1as con dise\u00f1os, 150grs, Mi Otra Pasi\u00f3n.<\/li>\n<\/ul>\n<\/div>\n<h6><strong>Presentaci\u00f3n:<\/strong><\/h6>\n<ul>\n<li>Caja de color negro con cinta de g\u00e9nero en color a elecci\u00f3n con tarjeta de saludo personalizado de 5x9cm.<\/li>\n<\/ul>\n<h6><strong>Condiciones:<\/strong><\/h6>\n<ul>\n<li>Compra m\u00ednima: 20 unidades<\/li>\n<\/ul>\n","protected":false},"featured_media":7997,"template":"","meta":{"_joinchat":[]},"product_brand":[],"product_cat":[123],"product_tag":[157],"class_list":{"0":"post-7996","1":"product","2":"type-product","3":"status-publish","4":"has-post-thumbnail","6":"product_cat-picoteo","7":"product_tag-fiestas-fin-de-ano","9":"first","10":"instock","11":"taxable","12":"shipping-taxable","13":"purchasable","14":"product-type-simple"},"_links":{"self":[{"href":"https:\/\/www.regalosgourmet.cl\/cl\/wp-json\/wp\/v2\/product\/7996","targetHints":{"allow":["GET"]}}],"collection":[{"href":"https:\/\/www.regalosgourmet.cl\/cl\/wp-json\/wp\/v2\/product"}],"about":[{"href":"https:\/\/www.regalosgourmet.cl\/cl\/wp-json\/wp\/v2\/types\/product"}],"wp:featuredmedia":[{"embeddable":true,"href":"https:\/\/www.regalosgourmet.cl\/cl\/wp-json\/wp\/v2\/media\/7997"}],"wp:attachment":[{"href":"https:\/\/www.regalosgourmet.cl\/cl\/wp-json\/wp\/v2\/media?parent=7996"}],"wp:term":[{"taxonomy":"product_brand","embeddable":true,"href":"https:\/\/www.regalosgourmet.cl\/cl\/wp-json\/wp\/v2\/product_brand?post=7996"},{"taxonomy":"product_cat","embeddable":true,"href":"https:\/\/www.regalosgourmet.cl\/cl\/wp-json\/wp\/v2\/product_cat?post=7996"},{"taxonomy":"product_tag","embeddable":true,"href":"https:\/\/www.regalosgourmet.cl\/cl\/wp-json\/wp\/v2\/product_tag?post=7996"}],"curies":[{"name":"wp","href":"https:\/\/api.w.org\/{rel}","templated":true}]}}