{"id":7982,"date":"2022-10-14T13:24:20","date_gmt":"2022-10-14T16:24:20","guid":{"rendered":"https:\/\/www.regalosgourmet.cl\/cl\/?post_type=product&#038;p=7982"},"modified":"2024-11-14T13:23:09","modified_gmt":"2024-11-14T16:23:09","slug":"aperitivo-navideno","status":"publish","type":"product","link":"https:\/\/www.regalosgourmet.cl\/cl\/regalos\/aperitivo-navideno\/","title":{"rendered":"Aperitivo Navide\u00f1o"},"content":{"rendered":"","protected":false},"excerpt":{"rendered":"<h6><strong>Esta regalo incluye:<\/strong><\/h6>\n<div class=\"description\">\n<ul>\n<li>Tabla serrana Trujillo: Chorizo vela, salchich\u00f3n vela y jam\u00f3n serrano.<\/li>\n<li>Galletas crackers artesanales con s\u00e9samo, 50grs, Mi otra pasi\u00f3n.<\/li>\n<li>Mini tapenade de aceitunas verdes con almendras 25 gr, Mickelsen<\/li>\n<li>Mini tapenade de tomates secos con curry, 25 gr, Mickelsen<\/li>\n<li>Chips de papas nativas Patagonia o Chiloe, 135grs, Tika.<\/li>\n<li>Mix frutos secos: almendras, casta\u00f1as de caji, man\u00ed, 80grs, Tribu.<\/li>\n<li>Pan de pascua con frutas y frutos secos y glaseado, 800grs, Mi Otra Pasi\u00f3n<\/li>\n<\/ul>\n<\/div>\n<h6><strong>Presentaci\u00f3n:<\/strong><\/h6>\n<ul>\n<li>Caja r\u00edgida premium forrada en color negro con cinta de g\u00e9nero en color a elecci\u00f3n con tarjeta de saludo personalizado de 5x9cm.<\/li>\n<\/ul>\n<h6><strong>Condiciones:<\/strong><\/h6>\n<ul>\n<li>Compra m\u00ednima: 20 unidades<\/li>\n<\/ul>\n","protected":false},"featured_media":7983,"template":"","meta":{"_joinchat":[]},"product_brand":[],"product_cat":[123],"product_tag":[157],"class_list":{"0":"post-7982","1":"product","2":"type-product","3":"status-publish","4":"has-post-thumbnail","6":"product_cat-picoteo","7":"product_tag-fiestas-fin-de-ano","9":"first","10":"instock","11":"taxable","12":"shipping-taxable","13":"purchasable","14":"product-type-simple"},"_links":{"self":[{"href":"https:\/\/www.regalosgourmet.cl\/cl\/wp-json\/wp\/v2\/product\/7982","targetHints":{"allow":["GET"]}}],"collection":[{"href":"https:\/\/www.regalosgourmet.cl\/cl\/wp-json\/wp\/v2\/product"}],"about":[{"href":"https:\/\/www.regalosgourmet.cl\/cl\/wp-json\/wp\/v2\/types\/product"}],"wp:featuredmedia":[{"embeddable":true,"href":"https:\/\/www.regalosgourmet.cl\/cl\/wp-json\/wp\/v2\/media\/7983"}],"wp:attachment":[{"href":"https:\/\/www.regalosgourmet.cl\/cl\/wp-json\/wp\/v2\/media?parent=7982"}],"wp:term":[{"taxonomy":"product_brand","embeddable":true,"href":"https:\/\/www.regalosgourmet.cl\/cl\/wp-json\/wp\/v2\/product_brand?post=7982"},{"taxonomy":"product_cat","embeddable":true,"href":"https:\/\/www.regalosgourmet.cl\/cl\/wp-json\/wp\/v2\/product_cat?post=7982"},{"taxonomy":"product_tag","embeddable":true,"href":"https:\/\/www.regalosgourmet.cl\/cl\/wp-json\/wp\/v2\/product_tag?post=7982"}],"curies":[{"name":"wp","href":"https:\/\/api.w.org\/{rel}","templated":true}]}}