{"id":7948,"date":"2022-08-12T19:05:06","date_gmt":"2022-08-12T23:05:06","guid":{"rendered":"https:\/\/www.regalosgourmet.cl\/cl\/?post_type=product&#038;p=7948"},"modified":"2025-07-17T13:57:16","modified_gmt":"2025-07-17T16:57:16","slug":"viva-chile-2","status":"publish","type":"product","link":"https:\/\/www.regalosgourmet.cl\/cl\/regalos\/viva-chile-2\/","title":{"rendered":"Viva Chile 2"},"content":{"rendered":"","protected":false},"excerpt":{"rendered":"<h6><strong>Esta regalo incluye:<\/strong><\/h6>\n<div class=\"description\">\n<ul>\n<li>Vino Reserva Carmenere Sibaris Undurraga, 750ml<\/li>\n<li>Pebre Chileno, 410grs, Con Amor<\/li>\n<li>Pita Chips Original 120grs. Bocanboca<\/li>\n<li>Trompo tradicional de madera<\/li>\n<\/ul>\n<\/div>\n<h6><strong>Presentaci\u00f3n:<\/strong><\/h6>\n<ul>\n<li>Caja cart\u00f3n forrado premium 2mm color negro con cinta de g\u00e9nero en color a elecci\u00f3n con tarjeta de saludo personalizado de 5x9cm.<\/li>\n<\/ul>\n<h6><strong>Condiciones:<\/strong><\/h6>\n<ul>\n<li>Compra m\u00ednima: 30 unidades<\/li>\n<\/ul>\n","protected":false},"featured_media":8631,"template":"","meta":{"_joinchat":[]},"product_brand":[],"product_cat":[123],"product_tag":[144],"class_list":{"0":"post-7948","1":"product","2":"type-product","3":"status-publish","4":"has-post-thumbnail","6":"product_cat-picoteo","7":"product_tag-regalos-fiestas-patrias","9":"first","10":"instock","11":"taxable","12":"shipping-taxable","13":"purchasable","14":"product-type-simple"},"_links":{"self":[{"href":"https:\/\/www.regalosgourmet.cl\/cl\/wp-json\/wp\/v2\/product\/7948","targetHints":{"allow":["GET"]}}],"collection":[{"href":"https:\/\/www.regalosgourmet.cl\/cl\/wp-json\/wp\/v2\/product"}],"about":[{"href":"https:\/\/www.regalosgourmet.cl\/cl\/wp-json\/wp\/v2\/types\/product"}],"wp:featuredmedia":[{"embeddable":true,"href":"https:\/\/www.regalosgourmet.cl\/cl\/wp-json\/wp\/v2\/media\/8631"}],"wp:attachment":[{"href":"https:\/\/www.regalosgourmet.cl\/cl\/wp-json\/wp\/v2\/media?parent=7948"}],"wp:term":[{"taxonomy":"product_brand","embeddable":true,"href":"https:\/\/www.regalosgourmet.cl\/cl\/wp-json\/wp\/v2\/product_brand?post=7948"},{"taxonomy":"product_cat","embeddable":true,"href":"https:\/\/www.regalosgourmet.cl\/cl\/wp-json\/wp\/v2\/product_cat?post=7948"},{"taxonomy":"product_tag","embeddable":true,"href":"https:\/\/www.regalosgourmet.cl\/cl\/wp-json\/wp\/v2\/product_tag?post=7948"}],"curies":[{"name":"wp","href":"https:\/\/api.w.org\/{rel}","templated":true}]}}