{"id":7919,"date":"2022-07-25T15:40:22","date_gmt":"2022-07-25T19:40:22","guid":{"rendered":"https:\/\/www.regalosgourmet.cl\/cl\/?post_type=product&#038;p=7919"},"modified":"2025-07-17T13:57:22","modified_gmt":"2025-07-17T16:57:22","slug":"de-norte-a-sur","status":"publish","type":"product","link":"https:\/\/www.regalosgourmet.cl\/cl\/regalos\/de-norte-a-sur\/","title":{"rendered":"De Norte a Sur"},"content":{"rendered":"","protected":false},"excerpt":{"rendered":"<h6><strong>Esta regalo incluye:<\/strong><\/h6>\n<div class=\"description\">\n<ul>\n<li>Hierba Rica Rica atacame\u00f1a exclusiva. Contiene 20gr. Origen: Atacama<\/li>\n<li>Aceite de oliva Extra Virgen,250, Deleyda. Origen: Valpara\u00edso<\/li>\n<li>Botella de vidrio de agua mineral libre de sodio de 500ml, sin gasificar, Andes Mountain. Origen: Araucan\u00eda<\/li>\n<li>Mermelada de Calafate, 180grs, Secreto de la Patagonia. Origen: Patagonia.<\/li>\n<li>2 vasos de gallo de 100ml de capacidad, Origen: zona Centro.<\/li>\n<li>En los vasos se pueden hacer preparaciones con cada producto que contiene la caja. Incluye folleto con 4 recetas.<\/li>\n<\/ul>\n<h6><strong>Presentaci\u00f3n:<\/strong><\/h6>\n<ul>\n<li>Caj\u00f3n de madera de pino con cinta de g\u00e9nero en color a elecci\u00f3n con tarjeta personalizada de 5&#215;9 cms.<\/li>\n<\/ul>\n<\/div>\n<h6><strong>Condiciones:<\/strong><\/h6>\n<ul>\n<li>Compra m\u00ednima: 30 unidades<\/li>\n<\/ul>\n","protected":false},"featured_media":8555,"template":"","meta":{"_joinchat":[]},"product_brand":[],"product_cat":[62,123],"product_tag":[144],"class_list":{"0":"post-7919","1":"product","2":"type-product","3":"status-publish","4":"has-post-thumbnail","6":"product_cat-catalogo-accesorios-y-gourmet","7":"product_cat-picoteo","8":"product_tag-regalos-fiestas-patrias","10":"first","11":"instock","12":"taxable","13":"shipping-taxable","14":"purchasable","15":"product-type-simple"},"_links":{"self":[{"href":"https:\/\/www.regalosgourmet.cl\/cl\/wp-json\/wp\/v2\/product\/7919","targetHints":{"allow":["GET"]}}],"collection":[{"href":"https:\/\/www.regalosgourmet.cl\/cl\/wp-json\/wp\/v2\/product"}],"about":[{"href":"https:\/\/www.regalosgourmet.cl\/cl\/wp-json\/wp\/v2\/types\/product"}],"wp:featuredmedia":[{"embeddable":true,"href":"https:\/\/www.regalosgourmet.cl\/cl\/wp-json\/wp\/v2\/media\/8555"}],"wp:attachment":[{"href":"https:\/\/www.regalosgourmet.cl\/cl\/wp-json\/wp\/v2\/media?parent=7919"}],"wp:term":[{"taxonomy":"product_brand","embeddable":true,"href":"https:\/\/www.regalosgourmet.cl\/cl\/wp-json\/wp\/v2\/product_brand?post=7919"},{"taxonomy":"product_cat","embeddable":true,"href":"https:\/\/www.regalosgourmet.cl\/cl\/wp-json\/wp\/v2\/product_cat?post=7919"},{"taxonomy":"product_tag","embeddable":true,"href":"https:\/\/www.regalosgourmet.cl\/cl\/wp-json\/wp\/v2\/product_tag?post=7919"}],"curies":[{"name":"wp","href":"https:\/\/api.w.org\/{rel}","templated":true}]}}