{"id":7869,"date":"2022-07-20T09:27:29","date_gmt":"2022-07-20T13:27:29","guid":{"rendered":"https:\/\/www.regalosgourmet.cl\/cl\/?post_type=product&#038;p=7869"},"modified":"2025-07-17T14:00:18","modified_gmt":"2025-07-17T17:00:18","slug":"las-pinzas","status":"publish","type":"product","link":"https:\/\/www.regalosgourmet.cl\/cl\/regalos\/las-pinzas\/","title":{"rendered":"Las Pinzas"},"content":{"rendered":"","protected":false},"excerpt":{"rendered":"<h6><strong>Esta regalo incluye:<\/strong><\/h6>\n<ul>\n<li>\n<div class=\"description\">\n<p>Estuche con accesorios para la parrilla que incluye: Trincho Parrillero, Pinza para servir y manipular, cuchillo y esp\u00e1tula. El estuche mide 36,5 x 11 x 5,2 cm. El trincho mide 28,9 cm, 33 cm la pinza, 28 cm la esp\u00e1tula y 29 cm el cuchillo con protecci\u00f3n pl\u00e1stica.<\/p>\n<\/div>\n<\/li>\n<\/ul>\n<h6><strong>Presentaci\u00f3n:<\/strong><\/h6>\n<ul>\n<li>Bolsa papel certificada FSC color blanco, negro o kraft con tarjeta de saludo de 9x5cm. con dise\u00f1o enviado por cliente.<\/li>\n<\/ul>\n<h6><strong>Condiciones:<\/strong><\/h6>\n<ul>\n<li>Compra m\u00ednima: 20 unidades<\/li>\n<\/ul>\n","protected":false},"featured_media":8571,"template":"","meta":{"_joinchat":[]},"product_brand":[],"product_cat":[92],"product_tag":[144],"class_list":{"0":"post-7869","1":"product","2":"type-product","3":"status-publish","4":"has-post-thumbnail","6":"product_cat-parrilleros","7":"product_tag-regalos-fiestas-patrias","9":"first","10":"instock","11":"taxable","12":"shipping-taxable","13":"purchasable","14":"product-type-simple"},"_links":{"self":[{"href":"https:\/\/www.regalosgourmet.cl\/cl\/wp-json\/wp\/v2\/product\/7869","targetHints":{"allow":["GET"]}}],"collection":[{"href":"https:\/\/www.regalosgourmet.cl\/cl\/wp-json\/wp\/v2\/product"}],"about":[{"href":"https:\/\/www.regalosgourmet.cl\/cl\/wp-json\/wp\/v2\/types\/product"}],"wp:featuredmedia":[{"embeddable":true,"href":"https:\/\/www.regalosgourmet.cl\/cl\/wp-json\/wp\/v2\/media\/8571"}],"wp:attachment":[{"href":"https:\/\/www.regalosgourmet.cl\/cl\/wp-json\/wp\/v2\/media?parent=7869"}],"wp:term":[{"taxonomy":"product_brand","embeddable":true,"href":"https:\/\/www.regalosgourmet.cl\/cl\/wp-json\/wp\/v2\/product_brand?post=7869"},{"taxonomy":"product_cat","embeddable":true,"href":"https:\/\/www.regalosgourmet.cl\/cl\/wp-json\/wp\/v2\/product_cat?post=7869"},{"taxonomy":"product_tag","embeddable":true,"href":"https:\/\/www.regalosgourmet.cl\/cl\/wp-json\/wp\/v2\/product_tag?post=7869"}],"curies":[{"name":"wp","href":"https:\/\/api.w.org\/{rel}","templated":true}]}}