{"id":7829,"date":"2023-07-14T17:02:57","date_gmt":"2023-07-14T20:02:57","guid":{"rendered":"https:\/\/www.regalosgourmet.cl\/cl\/?post_type=product&#038;p=7829"},"modified":"2024-05-28T18:28:48","modified_gmt":"2024-05-28T21:28:48","slug":"moscow-mule","status":"publish","type":"product","link":"https:\/\/www.regalosgourmet.cl\/cl\/regalos\/moscow-mule\/","title":{"rendered":"Moscow Mule"},"content":{"rendered":"","protected":false},"excerpt":{"rendered":"<h6><strong>Esta regalo incluye:<\/strong><\/h6>\n<ul>\n<li>Set 2 Mugs de acero inoxidable cobrizados de 400cc. con logo grabado en l\u00e1ser en la base.<\/li>\n<li>2 Ginger Beer St Pellegrino ideales para preparar un exquisito Moscow Mule.<\/li>\n<li>Recetario de preparaci\u00f3n.<\/li>\n<\/ul>\n<h6><strong>Presentaci\u00f3n:<\/strong><\/h6>\n<ul>\n<li>Caja premium color negro con cinta de g\u00e9nero en color a elecci\u00f3n (sujeto a disponibilidad) y tarjeta de saludo de 9x5cm. con dise\u00f1o enviado por cliente.<\/li>\n<\/ul>\n<h6><strong>Condiciones:<\/strong><\/h6>\n<ul>\n<li>Compra m\u00ednima: 20 unidades<\/li>\n<\/ul>\n","protected":false},"featured_media":8534,"template":"","meta":{"_joinchat":[]},"product_brand":[],"product_cat":[126],"product_tag":[142,136,152,129],"class_list":{"0":"post-7829","1":"product","2":"type-product","3":"status-publish","4":"has-post-thumbnail","6":"product_cat-bar-y-cocteleria","7":"product_tag-especial-cobrizados","8":"product_tag-para-mama","9":"product_tag-para-papa","10":"product_tag-regalos-de-cumpleanos","12":"first","13":"instock","14":"taxable","15":"shipping-taxable","16":"purchasable","17":"product-type-simple"},"_links":{"self":[{"href":"https:\/\/www.regalosgourmet.cl\/cl\/wp-json\/wp\/v2\/product\/7829","targetHints":{"allow":["GET"]}}],"collection":[{"href":"https:\/\/www.regalosgourmet.cl\/cl\/wp-json\/wp\/v2\/product"}],"about":[{"href":"https:\/\/www.regalosgourmet.cl\/cl\/wp-json\/wp\/v2\/types\/product"}],"wp:featuredmedia":[{"embeddable":true,"href":"https:\/\/www.regalosgourmet.cl\/cl\/wp-json\/wp\/v2\/media\/8534"}],"wp:attachment":[{"href":"https:\/\/www.regalosgourmet.cl\/cl\/wp-json\/wp\/v2\/media?parent=7829"}],"wp:term":[{"taxonomy":"product_brand","embeddable":true,"href":"https:\/\/www.regalosgourmet.cl\/cl\/wp-json\/wp\/v2\/product_brand?post=7829"},{"taxonomy":"product_cat","embeddable":true,"href":"https:\/\/www.regalosgourmet.cl\/cl\/wp-json\/wp\/v2\/product_cat?post=7829"},{"taxonomy":"product_tag","embeddable":true,"href":"https:\/\/www.regalosgourmet.cl\/cl\/wp-json\/wp\/v2\/product_tag?post=7829"}],"curies":[{"name":"wp","href":"https:\/\/api.w.org\/{rel}","templated":true}]}}