{"id":7796,"date":"2022-05-27T11:42:42","date_gmt":"2022-05-27T15:42:42","guid":{"rendered":"https:\/\/www.regalosgourmet.cl\/cl\/?post_type=product&#038;p=7796"},"modified":"2023-11-09T11:52:41","modified_gmt":"2023-11-09T14:52:41","slug":"una-palta-de-respeto","status":"publish","type":"product","link":"https:\/\/www.regalosgourmet.cl\/cl\/regalos\/una-palta-de-respeto\/","title":{"rendered":"Una palta de respeto"},"content":{"rendered":"","protected":false},"excerpt":{"rendered":"<h6><strong>Esta regalo incluye:<\/strong><\/h6>\n<ul>\n<li>Calcetines con dise\u00f1o Socks Lab &#8211; Palta Petr\u00f3leo &#8211; Talla 37-44 (otros dise\u00f1os).<\/li>\n<li>Cuchillo carbon steel N\u00ba6, Opinel. Con mango de madera y hoja de acero de carbono, otorgando una excelente calidad de corte.<\/li>\n<li>Cerveza IPA Don Manu 330ml. Tropera.<\/li>\n<\/ul>\n<h6><strong>Presentaci\u00f3n:<\/strong><\/h6>\n<ul>\n<li>Caja de cartulina certificada FSC color negro con sticker personalizado de medidas variables.<\/li>\n<li>Gr\u00e1ficas enviadas por cliente.<\/li>\n<\/ul>\n<h6><strong>Condiciones:<\/strong><\/h6>\n<ul>\n<li>Compra m\u00ednima: 30 unidades<\/li>\n<\/ul>\n","protected":false},"featured_media":8541,"template":"","meta":{"_joinchat":[]},"product_brand":[],"product_cat":[62,95],"product_tag":[129],"class_list":{"0":"post-7796","1":"product","2":"type-product","3":"status-publish","4":"has-post-thumbnail","6":"product_cat-catalogo-accesorios-y-gourmet","7":"product_cat-home-deco","8":"product_tag-regalos-de-cumpleanos","10":"first","11":"instock","12":"taxable","13":"shipping-taxable","14":"purchasable","15":"product-type-simple"},"_links":{"self":[{"href":"https:\/\/www.regalosgourmet.cl\/cl\/wp-json\/wp\/v2\/product\/7796","targetHints":{"allow":["GET"]}}],"collection":[{"href":"https:\/\/www.regalosgourmet.cl\/cl\/wp-json\/wp\/v2\/product"}],"about":[{"href":"https:\/\/www.regalosgourmet.cl\/cl\/wp-json\/wp\/v2\/types\/product"}],"wp:featuredmedia":[{"embeddable":true,"href":"https:\/\/www.regalosgourmet.cl\/cl\/wp-json\/wp\/v2\/media\/8541"}],"wp:attachment":[{"href":"https:\/\/www.regalosgourmet.cl\/cl\/wp-json\/wp\/v2\/media?parent=7796"}],"wp:term":[{"taxonomy":"product_brand","embeddable":true,"href":"https:\/\/www.regalosgourmet.cl\/cl\/wp-json\/wp\/v2\/product_brand?post=7796"},{"taxonomy":"product_cat","embeddable":true,"href":"https:\/\/www.regalosgourmet.cl\/cl\/wp-json\/wp\/v2\/product_cat?post=7796"},{"taxonomy":"product_tag","embeddable":true,"href":"https:\/\/www.regalosgourmet.cl\/cl\/wp-json\/wp\/v2\/product_tag?post=7796"}],"curies":[{"name":"wp","href":"https:\/\/api.w.org\/{rel}","templated":true}]}}