{"id":7794,"date":"2022-05-27T11:38:49","date_gmt":"2022-05-27T15:38:49","guid":{"rendered":"https:\/\/www.regalosgourmet.cl\/cl\/?post_type=product&#038;p=7794"},"modified":"2023-11-09T11:54:35","modified_gmt":"2023-11-09T14:54:35","slug":"gallinita-ole","status":"publish","type":"product","link":"https:\/\/www.regalosgourmet.cl\/cl\/regalos\/gallinita-ole\/","title":{"rendered":"Gallinita Ol\u00e9"},"content":{"rendered":"","protected":false},"excerpt":{"rendered":"<h6><strong>Esta regalo incluye:<\/strong><\/h6>\n<ul>\n<li>Sangr\u00eda artesanal 750ml. Ol\u00e9.<\/li>\n<li>Pate al las finas hierbas 100grs. Castillo.<\/li>\n<li>Bruschetta de Pimiento piquillo 280gr. Perfect Choice.<\/li>\n<li>Caja Petite Poule Gallinita de chocolate Belga rellena con dulce de leche 6u 72grs. Moulie.<\/li>\n<li>Galletas artesanales pita sal de mar 50gr. Bocanboca.<\/li>\n<li>Chips artesanales Variedad 135grs. Tika.<\/li>\n<\/ul>\n<h6><strong>Presentaci\u00f3n:<\/strong><\/h6>\n<ul>\n<li>Caja premium color negro con cinta de g\u00e9nero en color a elecci\u00f3n (sujeto a disponibilidad) y tarjeta de saludo de 9x5cm. con dise\u00f1o enviado por cliente.<\/li>\n<\/ul>\n<h6><strong>Condiciones:<\/strong><\/h6>\n<ul>\n<li>Compra m\u00ednima: 30 unidades<\/li>\n<\/ul>\n","protected":false},"featured_media":8542,"template":"","meta":{"_joinchat":[]},"product_brand":[],"product_cat":[123],"product_tag":[129],"class_list":{"0":"post-7794","1":"product","2":"type-product","3":"status-publish","4":"has-post-thumbnail","6":"product_cat-picoteo","7":"product_tag-regalos-de-cumpleanos","9":"first","10":"instock","11":"taxable","12":"shipping-taxable","13":"purchasable","14":"product-type-simple"},"_links":{"self":[{"href":"https:\/\/www.regalosgourmet.cl\/cl\/wp-json\/wp\/v2\/product\/7794","targetHints":{"allow":["GET"]}}],"collection":[{"href":"https:\/\/www.regalosgourmet.cl\/cl\/wp-json\/wp\/v2\/product"}],"about":[{"href":"https:\/\/www.regalosgourmet.cl\/cl\/wp-json\/wp\/v2\/types\/product"}],"wp:featuredmedia":[{"embeddable":true,"href":"https:\/\/www.regalosgourmet.cl\/cl\/wp-json\/wp\/v2\/media\/8542"}],"wp:attachment":[{"href":"https:\/\/www.regalosgourmet.cl\/cl\/wp-json\/wp\/v2\/media?parent=7794"}],"wp:term":[{"taxonomy":"product_brand","embeddable":true,"href":"https:\/\/www.regalosgourmet.cl\/cl\/wp-json\/wp\/v2\/product_brand?post=7794"},{"taxonomy":"product_cat","embeddable":true,"href":"https:\/\/www.regalosgourmet.cl\/cl\/wp-json\/wp\/v2\/product_cat?post=7794"},{"taxonomy":"product_tag","embeddable":true,"href":"https:\/\/www.regalosgourmet.cl\/cl\/wp-json\/wp\/v2\/product_tag?post=7794"}],"curies":[{"name":"wp","href":"https:\/\/api.w.org\/{rel}","templated":true}]}}