{"id":7788,"date":"2022-05-27T11:22:41","date_gmt":"2022-05-27T15:22:41","guid":{"rendered":"https:\/\/www.regalosgourmet.cl\/cl\/?post_type=product&#038;p=7788"},"modified":"2025-07-17T14:01:57","modified_gmt":"2025-07-17T17:01:57","slug":"juego-del-toqui","status":"publish","type":"product","link":"https:\/\/www.regalosgourmet.cl\/cl\/regalos\/juego-del-toqui\/","title":{"rendered":"Juego del Toqui"},"content":{"rendered":"","protected":false},"excerpt":{"rendered":"<h6><strong>Esta regalo incluye:<\/strong><\/h6>\n<ul>\n<li>Botella de Vino Carmenere Gran Toqui . 750cc. Casas Del Toqui.<\/li>\n<li>Descorchador con mango de bambu incluye descorchador, destapador y abre-sellos. Caja de madera de bamb\u00fa con cierre imantado.<\/li>\n<\/ul>\n<h6><strong>Presentaci\u00f3n:<\/strong><\/h6>\n<ul>\n<li>Caja premium color negro con cinta de g\u00e9nero en color a elecci\u00f3n (sujeto a disponibilidad) y tarjeta de saludo de 9x5cm. con dise\u00f1o enviado por cliente.<\/li>\n<\/ul>\n<h6><strong>Condiciones:<\/strong><\/h6>\n<ul>\n<li>Compra m\u00ednima: 18 unidades<\/li>\n<\/ul>\n","protected":false},"featured_media":8526,"template":"","meta":{"_joinchat":[]},"product_brand":[],"product_cat":[126],"product_tag":[142,129,144],"class_list":{"0":"post-7788","1":"product","2":"type-product","3":"status-publish","4":"has-post-thumbnail","6":"product_cat-bar-y-cocteleria","7":"product_tag-especial-cobrizados","8":"product_tag-regalos-de-cumpleanos","9":"product_tag-regalos-fiestas-patrias","11":"first","12":"instock","13":"taxable","14":"shipping-taxable","15":"purchasable","16":"product-type-simple"},"_links":{"self":[{"href":"https:\/\/www.regalosgourmet.cl\/cl\/wp-json\/wp\/v2\/product\/7788","targetHints":{"allow":["GET"]}}],"collection":[{"href":"https:\/\/www.regalosgourmet.cl\/cl\/wp-json\/wp\/v2\/product"}],"about":[{"href":"https:\/\/www.regalosgourmet.cl\/cl\/wp-json\/wp\/v2\/types\/product"}],"wp:featuredmedia":[{"embeddable":true,"href":"https:\/\/www.regalosgourmet.cl\/cl\/wp-json\/wp\/v2\/media\/8526"}],"wp:attachment":[{"href":"https:\/\/www.regalosgourmet.cl\/cl\/wp-json\/wp\/v2\/media?parent=7788"}],"wp:term":[{"taxonomy":"product_brand","embeddable":true,"href":"https:\/\/www.regalosgourmet.cl\/cl\/wp-json\/wp\/v2\/product_brand?post=7788"},{"taxonomy":"product_cat","embeddable":true,"href":"https:\/\/www.regalosgourmet.cl\/cl\/wp-json\/wp\/v2\/product_cat?post=7788"},{"taxonomy":"product_tag","embeddable":true,"href":"https:\/\/www.regalosgourmet.cl\/cl\/wp-json\/wp\/v2\/product_tag?post=7788"}],"curies":[{"name":"wp","href":"https:\/\/api.w.org\/{rel}","templated":true}]}}