{"id":7739,"date":"2022-05-18T23:27:15","date_gmt":"2022-05-19T03:27:15","guid":{"rendered":"https:\/\/www.regalosgourmet.cl\/cl\/?post_type=product&#038;p=7739"},"modified":"2023-11-09T11:56:28","modified_gmt":"2023-11-09T14:56:28","slug":"set-posavasos-piedra","status":"publish","type":"product","link":"https:\/\/www.regalosgourmet.cl\/cl\/regalos\/set-posavasos-piedra\/","title":{"rendered":"Set Posavasos Piedra"},"content":{"rendered":"","protected":false},"excerpt":{"rendered":"<h6><strong>Esta regalo incluye:<\/strong><\/h6>\n<ul>\n<li>Set de 4 posavasos de piedra pizarra.<\/li>\n<\/ul>\n<h6><strong>Presentaci\u00f3n:<\/strong><\/h6>\n<ul>\n<li>Bolsito de algod\u00f3n biodegradable con cinta de g\u00e9nero en color a elecci\u00f3n.<\/li>\n<li>Incluye tarjeta de 9x5cms con gr\u00e1fica cliente con impresi\u00f3n a una cara.<\/li>\n<\/ul>\n<h6><strong>Condiciones:<\/strong><\/h6>\n<ul>\n<li>Compra m\u00ednima: 50 unidades<\/li>\n<\/ul>\n","protected":false},"featured_media":8545,"template":"","meta":{"_joinchat":[]},"product_brand":[],"product_cat":[95,90],"product_tag":[152,129],"class_list":{"0":"post-7739","1":"product","2":"type-product","3":"status-publish","4":"has-post-thumbnail","6":"product_cat-home-deco","7":"product_cat-mini-regalos","8":"product_tag-para-papa","9":"product_tag-regalos-de-cumpleanos","11":"first","12":"instock","13":"taxable","14":"shipping-taxable","15":"purchasable","16":"product-type-simple"},"_links":{"self":[{"href":"https:\/\/www.regalosgourmet.cl\/cl\/wp-json\/wp\/v2\/product\/7739","targetHints":{"allow":["GET"]}}],"collection":[{"href":"https:\/\/www.regalosgourmet.cl\/cl\/wp-json\/wp\/v2\/product"}],"about":[{"href":"https:\/\/www.regalosgourmet.cl\/cl\/wp-json\/wp\/v2\/types\/product"}],"wp:featuredmedia":[{"embeddable":true,"href":"https:\/\/www.regalosgourmet.cl\/cl\/wp-json\/wp\/v2\/media\/8545"}],"wp:attachment":[{"href":"https:\/\/www.regalosgourmet.cl\/cl\/wp-json\/wp\/v2\/media?parent=7739"}],"wp:term":[{"taxonomy":"product_brand","embeddable":true,"href":"https:\/\/www.regalosgourmet.cl\/cl\/wp-json\/wp\/v2\/product_brand?post=7739"},{"taxonomy":"product_cat","embeddable":true,"href":"https:\/\/www.regalosgourmet.cl\/cl\/wp-json\/wp\/v2\/product_cat?post=7739"},{"taxonomy":"product_tag","embeddable":true,"href":"https:\/\/www.regalosgourmet.cl\/cl\/wp-json\/wp\/v2\/product_tag?post=7739"}],"curies":[{"name":"wp","href":"https:\/\/api.w.org\/{rel}","templated":true}]}}