{"id":7704,"date":"2022-05-06T18:09:58","date_gmt":"2022-05-06T22:09:58","guid":{"rendered":"https:\/\/www.regalosgourmet.cl\/cl\/?post_type=product&#038;p=7704"},"modified":"2023-11-09T13:39:22","modified_gmt":"2023-11-09T16:39:22","slug":"momento-en-barra","status":"publish","type":"product","link":"https:\/\/www.regalosgourmet.cl\/cl\/regalos\/momento-en-barra\/","title":{"rendered":"Momento en Barra"},"content":{"rendered":"","protected":false},"excerpt":{"rendered":"<h6><strong>Esta regalo incluye:<\/strong><\/h6>\n<ul>\n<li>Taz\u00f3n de cer\u00e1mica r\u00fastico.<\/li>\n<li>Barra de chocolate 70% de cacao con almendras, 100grs, Barra Chocolate.<\/li>\n<li>2 barquillos rellenos con manjar blanco, La Barquilleria o similar.<\/li>\n<li>Sachet de caf\u00e9 org\u00e1nico 100% ar\u00e1bico, variedades Volcanes,\u00a0 Caf\u00e9 Llanquihue. Los sachets son biodegradables y vienen con filtro para usarse directamente en la taza.<\/li>\n<\/ul>\n<h6><strong>Presentaci\u00f3n:<\/strong><\/h6>\n<ul>\n<li>Caja de cartulina certificada FSC color negro.<\/li>\n<li>Es posible personalizar con sticker.<\/li>\n<\/ul>\n<h6><strong>Condiciones:<\/strong><\/h6>\n<ul>\n<li>Compra m\u00ednima: 30 unidades<\/li>\n<\/ul>\n","protected":false},"featured_media":8603,"template":"","meta":{"_joinchat":[]},"product_brand":[],"product_cat":[124],"product_tag":[156,154,155,136,152],"class_list":{"0":"post-7704","1":"product","2":"type-product","3":"status-publish","4":"has-post-thumbnail","6":"product_cat-coffee-break-y-desayunos","7":"product_tag-dia-de-la-secretaria","8":"product_tag-dia-del-profesor","9":"product_tag-dia-del-quimico","10":"product_tag-para-mama","11":"product_tag-para-papa","13":"first","14":"instock","15":"taxable","16":"shipping-taxable","17":"purchasable","18":"product-type-simple"},"_links":{"self":[{"href":"https:\/\/www.regalosgourmet.cl\/cl\/wp-json\/wp\/v2\/product\/7704","targetHints":{"allow":["GET"]}}],"collection":[{"href":"https:\/\/www.regalosgourmet.cl\/cl\/wp-json\/wp\/v2\/product"}],"about":[{"href":"https:\/\/www.regalosgourmet.cl\/cl\/wp-json\/wp\/v2\/types\/product"}],"wp:featuredmedia":[{"embeddable":true,"href":"https:\/\/www.regalosgourmet.cl\/cl\/wp-json\/wp\/v2\/media\/8603"}],"wp:attachment":[{"href":"https:\/\/www.regalosgourmet.cl\/cl\/wp-json\/wp\/v2\/media?parent=7704"}],"wp:term":[{"taxonomy":"product_brand","embeddable":true,"href":"https:\/\/www.regalosgourmet.cl\/cl\/wp-json\/wp\/v2\/product_brand?post=7704"},{"taxonomy":"product_cat","embeddable":true,"href":"https:\/\/www.regalosgourmet.cl\/cl\/wp-json\/wp\/v2\/product_cat?post=7704"},{"taxonomy":"product_tag","embeddable":true,"href":"https:\/\/www.regalosgourmet.cl\/cl\/wp-json\/wp\/v2\/product_tag?post=7704"}],"curies":[{"name":"wp","href":"https:\/\/api.w.org\/{rel}","templated":true}]}}