{"id":7536,"date":"2022-02-27T14:56:16","date_gmt":"2022-02-27T18:56:16","guid":{"rendered":"https:\/\/www.regalosgourmet.cl\/cl\/?post_type=product&#038;p=7536"},"modified":"2025-07-23T00:58:12","modified_gmt":"2025-07-23T03:58:12","slug":"barqui-negra","status":"publish","type":"product","link":"https:\/\/www.regalosgourmet.cl\/cl\/regalos\/barqui-negra\/","title":{"rendered":"Barqui Negra"},"content":{"rendered":"","protected":false},"excerpt":{"rendered":"<p>Exquisito mini regalo para regalonear a tus colaboradores o clientes. Incluye 2 barquillos rellenos con manjar blanco de La Barquilleria (o similar) y 2 alfajores rellenos con manjar dulce de leche Oveja Negra (o similar). Duraci\u00f3n 10 d\u00edas<\/p>\n<ul>\n<li><strong>Presentaci\u00f3n:<\/strong> Bolsa de algod\u00f3n reutilizable con cinta de g\u00e9nero color a elecci\u00f3n.<\/li>\n<li><strong>Branding:<\/strong> Tarjeta de saludo 5x9cms (dise\u00f1o enviado por cliente).<\/li>\n<li><strong>Pedido M\u00ednimo:<\/strong> 50 unidades.<\/li>\n<li><strong>Importante:\u00a0<\/strong>Producto debe ser almacenado en lugar fresco y seco. Entrega con horario sujeto a ventana de temperatura.<\/li>\n<\/ul>\n","protected":false},"featured_media":8611,"template":"","meta":{"_joinchat":[]},"product_brand":[],"product_cat":[90],"product_tag":[136,129,144],"class_list":{"0":"post-7536","1":"product","2":"type-product","3":"status-publish","4":"has-post-thumbnail","6":"product_cat-mini-regalos","7":"product_tag-para-mama","8":"product_tag-regalos-de-cumpleanos","9":"product_tag-regalos-fiestas-patrias","11":"first","12":"instock","13":"taxable","14":"shipping-taxable","15":"purchasable","16":"product-type-simple"},"_links":{"self":[{"href":"https:\/\/www.regalosgourmet.cl\/cl\/wp-json\/wp\/v2\/product\/7536","targetHints":{"allow":["GET"]}}],"collection":[{"href":"https:\/\/www.regalosgourmet.cl\/cl\/wp-json\/wp\/v2\/product"}],"about":[{"href":"https:\/\/www.regalosgourmet.cl\/cl\/wp-json\/wp\/v2\/types\/product"}],"wp:featuredmedia":[{"embeddable":true,"href":"https:\/\/www.regalosgourmet.cl\/cl\/wp-json\/wp\/v2\/media\/8611"}],"wp:attachment":[{"href":"https:\/\/www.regalosgourmet.cl\/cl\/wp-json\/wp\/v2\/media?parent=7536"}],"wp:term":[{"taxonomy":"product_brand","embeddable":true,"href":"https:\/\/www.regalosgourmet.cl\/cl\/wp-json\/wp\/v2\/product_brand?post=7536"},{"taxonomy":"product_cat","embeddable":true,"href":"https:\/\/www.regalosgourmet.cl\/cl\/wp-json\/wp\/v2\/product_cat?post=7536"},{"taxonomy":"product_tag","embeddable":true,"href":"https:\/\/www.regalosgourmet.cl\/cl\/wp-json\/wp\/v2\/product_tag?post=7536"}],"curies":[{"name":"wp","href":"https:\/\/api.w.org\/{rel}","templated":true}]}}