{"id":7471,"date":"2022-11-09T01:11:46","date_gmt":"2022-11-09T04:11:46","guid":{"rendered":"https:\/\/www.regalosgourmet.cl\/cl\/?post_type=product&#038;p=7471"},"modified":"2023-12-05T13:37:04","modified_gmt":"2023-12-05T16:37:04","slug":"aperitivo-gold","status":"publish","type":"product","link":"https:\/\/www.regalosgourmet.cl\/cl\/regalos\/aperitivo-gold\/","title":{"rendered":"Celebremos Gold"},"content":{"rendered":"","protected":false},"excerpt":{"rendered":"<h6><strong>Esta caja incluye:<\/strong><\/h6>\n<ul>\n<li>Espumante Brut 750ml. Vi\u00f1amar.<\/li>\n<li>Copa de espumante (opci\u00f3n de logo de cliente).<\/li>\n<li>Caja de almendras tostadas ba\u00f1adas en chocolate Leche Blend 36% cacao, 120grs, Varsovienne.<\/li>\n<li>Galletas artesanales pita, variedad de sabores, Bocanboca<\/li>\n<li>Pesto de alcachofas o de pimiento piquillo con almendras, 140grs, Perfect Choice.<\/li>\n<\/ul>\n<p>&nbsp;<\/p>\n<ul>\n<li><strong>Presentaci\u00f3n:<\/strong>\u00a0 Caja negra premium de cart\u00f3n forrada negra con cinta de g\u00e9nero color a elecci\u00f3n y tarjeta con mensaje y logo corporativo (dise\u00f1o enviado por cliente),<\/li>\n<\/ul>\n","protected":false},"featured_media":8011,"template":"","meta":{"_joinchat":[]},"product_brand":[],"product_cat":[123],"product_tag":[157,152],"class_list":{"0":"post-7471","1":"product","2":"type-product","3":"status-publish","4":"has-post-thumbnail","6":"product_cat-picoteo","7":"product_tag-fiestas-fin-de-ano","8":"product_tag-para-papa","10":"first","11":"instock","12":"taxable","13":"shipping-taxable","14":"purchasable","15":"product-type-simple"},"_links":{"self":[{"href":"https:\/\/www.regalosgourmet.cl\/cl\/wp-json\/wp\/v2\/product\/7471","targetHints":{"allow":["GET"]}}],"collection":[{"href":"https:\/\/www.regalosgourmet.cl\/cl\/wp-json\/wp\/v2\/product"}],"about":[{"href":"https:\/\/www.regalosgourmet.cl\/cl\/wp-json\/wp\/v2\/types\/product"}],"wp:featuredmedia":[{"embeddable":true,"href":"https:\/\/www.regalosgourmet.cl\/cl\/wp-json\/wp\/v2\/media\/8011"}],"wp:attachment":[{"href":"https:\/\/www.regalosgourmet.cl\/cl\/wp-json\/wp\/v2\/media?parent=7471"}],"wp:term":[{"taxonomy":"product_brand","embeddable":true,"href":"https:\/\/www.regalosgourmet.cl\/cl\/wp-json\/wp\/v2\/product_brand?post=7471"},{"taxonomy":"product_cat","embeddable":true,"href":"https:\/\/www.regalosgourmet.cl\/cl\/wp-json\/wp\/v2\/product_cat?post=7471"},{"taxonomy":"product_tag","embeddable":true,"href":"https:\/\/www.regalosgourmet.cl\/cl\/wp-json\/wp\/v2\/product_tag?post=7471"}],"curies":[{"name":"wp","href":"https:\/\/api.w.org\/{rel}","templated":true}]}}