{"id":7468,"date":"2021-12-31T01:04:04","date_gmt":"2021-12-31T05:04:04","guid":{"rendered":"https:\/\/www.regalosgourmet.cl\/cl\/?post_type=product&#038;p=7468"},"modified":"2024-03-19T18:36:29","modified_gmt":"2024-03-19T21:36:29","slug":"desayuno-ideal","status":"publish","type":"product","link":"https:\/\/www.regalosgourmet.cl\/cl\/regalos\/desayuno-ideal\/","title":{"rendered":"Desayuno Ideal"},"content":{"rendered":"","protected":false},"excerpt":{"rendered":"<h6><strong>Esta caja incluye:<\/strong><\/h6>\n<ul>\n<li>Jugo 100% natural de ar\u00e1ndanos antioxidantes, 200ml, Tamaya (opci\u00f3n otros sabores).<\/li>\n<li>5 sachets de caf\u00e9 org\u00e1nicos 100% ar\u00e1bico listos para consumir, variedades Volcanes,\u00a0 Caf\u00e9 Llanquihue. Los sachets son biodegradables.<\/li>\n<li>Galletas dulces artesanales surtidas: almendras laminadas, toffee, cranberries mani, avena con chips de coco y de chocolate, mini alfajores y chocolate; 250grs.<\/li>\n<li>Mantequilla de man\u00ed, 200grs, All nuts.<\/li>\n<li>Galletas pita horneadas artesanalmente, 50grs, Bocanboca .<\/li>\n<li>Mini miel artesanal, 25grs,, Mickelsen.<\/li>\n<li><b><i>Presentaci\u00f3n:<\/i><\/b> Caja cartulina negra o kraft con cinta de g\u00e9nero color a elecci\u00f3n con tarjeta de saludo con imagen corporativa y mensaje opcional (dise\u00f1o enviado por cliente).<\/li>\n<\/ul>\n","protected":false},"featured_media":8602,"template":"","meta":{"_joinchat":[]},"product_brand":[],"product_cat":[124],"product_tag":[139,136,152],"class_list":{"0":"post-7468","1":"product","2":"type-product","3":"status-publish","4":"has-post-thumbnail","6":"product_cat-coffee-break-y-desayunos","7":"product_tag-coffee-break","8":"product_tag-para-mama","9":"product_tag-para-papa","11":"first","12":"instock","13":"taxable","14":"shipping-taxable","15":"purchasable","16":"product-type-simple"},"_links":{"self":[{"href":"https:\/\/www.regalosgourmet.cl\/cl\/wp-json\/wp\/v2\/product\/7468","targetHints":{"allow":["GET"]}}],"collection":[{"href":"https:\/\/www.regalosgourmet.cl\/cl\/wp-json\/wp\/v2\/product"}],"about":[{"href":"https:\/\/www.regalosgourmet.cl\/cl\/wp-json\/wp\/v2\/types\/product"}],"wp:featuredmedia":[{"embeddable":true,"href":"https:\/\/www.regalosgourmet.cl\/cl\/wp-json\/wp\/v2\/media\/8602"}],"wp:attachment":[{"href":"https:\/\/www.regalosgourmet.cl\/cl\/wp-json\/wp\/v2\/media?parent=7468"}],"wp:term":[{"taxonomy":"product_brand","embeddable":true,"href":"https:\/\/www.regalosgourmet.cl\/cl\/wp-json\/wp\/v2\/product_brand?post=7468"},{"taxonomy":"product_cat","embeddable":true,"href":"https:\/\/www.regalosgourmet.cl\/cl\/wp-json\/wp\/v2\/product_cat?post=7468"},{"taxonomy":"product_tag","embeddable":true,"href":"https:\/\/www.regalosgourmet.cl\/cl\/wp-json\/wp\/v2\/product_tag?post=7468"}],"curies":[{"name":"wp","href":"https:\/\/api.w.org\/{rel}","templated":true}]}}