{"id":7464,"date":"2021-12-31T00:53:13","date_gmt":"2021-12-31T04:53:13","guid":{"rendered":"https:\/\/www.regalosgourmet.cl\/cl\/?post_type=product&#038;p=7464"},"modified":"2025-07-17T14:03:23","modified_gmt":"2025-07-17T17:03:23","slug":"domino-en-cuero","status":"publish","type":"product","link":"https:\/\/www.regalosgourmet.cl\/cl\/regalos\/domino-en-cuero\/","title":{"rendered":"Domin\u00f3 en cuero"},"content":{"rendered":"","protected":false},"excerpt":{"rendered":"<h6><strong>Esta caja incluye:<\/strong><\/h6>\n<ul>\n<li>Set de domin\u00f3 en estuche 100% de cuero, fabricado a mano por artesanos. Cuenta con amarras para el cierre del estuche.<\/li>\n<li>Logo corporativo.<\/li>\n<\/ul>\n<p>Presentaci\u00f3n: Saco de algod\u00f3n con cinta de g\u00e9nero de color a elecci\u00f3n y tarjeta de saludo con logo(imagen corporativa.<\/p>\n<p>Pedido m\u00ednimo 30 unidades<\/p>\n","protected":false},"featured_media":8609,"template":"","meta":{"_joinchat":[]},"product_brand":[],"product_cat":[95,30],"product_tag":[152,129,144],"class_list":{"0":"post-7464","1":"product","2":"type-product","3":"status-publish","4":"has-post-thumbnail","6":"product_cat-home-deco","7":"product_cat-tiempo-libre","8":"product_tag-para-papa","9":"product_tag-regalos-de-cumpleanos","10":"product_tag-regalos-fiestas-patrias","12":"first","13":"instock","14":"taxable","15":"shipping-taxable","16":"purchasable","17":"product-type-simple"},"_links":{"self":[{"href":"https:\/\/www.regalosgourmet.cl\/cl\/wp-json\/wp\/v2\/product\/7464","targetHints":{"allow":["GET"]}}],"collection":[{"href":"https:\/\/www.regalosgourmet.cl\/cl\/wp-json\/wp\/v2\/product"}],"about":[{"href":"https:\/\/www.regalosgourmet.cl\/cl\/wp-json\/wp\/v2\/types\/product"}],"wp:featuredmedia":[{"embeddable":true,"href":"https:\/\/www.regalosgourmet.cl\/cl\/wp-json\/wp\/v2\/media\/8609"}],"wp:attachment":[{"href":"https:\/\/www.regalosgourmet.cl\/cl\/wp-json\/wp\/v2\/media?parent=7464"}],"wp:term":[{"taxonomy":"product_brand","embeddable":true,"href":"https:\/\/www.regalosgourmet.cl\/cl\/wp-json\/wp\/v2\/product_brand?post=7464"},{"taxonomy":"product_cat","embeddable":true,"href":"https:\/\/www.regalosgourmet.cl\/cl\/wp-json\/wp\/v2\/product_cat?post=7464"},{"taxonomy":"product_tag","embeddable":true,"href":"https:\/\/www.regalosgourmet.cl\/cl\/wp-json\/wp\/v2\/product_tag?post=7464"}],"curies":[{"name":"wp","href":"https:\/\/api.w.org\/{rel}","templated":true}]}}