{"id":7462,"date":"2021-12-31T00:45:06","date_gmt":"2021-12-31T04:45:06","guid":{"rendered":"https:\/\/www.regalosgourmet.cl\/cl\/?post_type=product&#038;p=7462"},"modified":"2023-11-09T13:37:47","modified_gmt":"2023-11-09T16:37:47","slug":"last-hope","status":"publish","type":"product","link":"https:\/\/www.regalosgourmet.cl\/cl\/regalos\/last-hope\/","title":{"rendered":"Last Hope Gin Kit"},"content":{"rendered":"","protected":false},"excerpt":{"rendered":"<h6><strong>Esta caja incluye:<\/strong><\/h6>\n<ul>\n<li>Gin Chileno Last Hope, 41\u00ba, 700 cc (producto fabricado en la patagonia chilena)<\/li>\n<li>Set 2 copas de cristal Spiegelau de 630ml de capacidad, con un c\u00e1liz de bal\u00f3n, perfecto para Gin&amp;Tonics o Aperols. Dise\u00f1adas para liberar todo el sabor y aroma del Gin y disfrutar de una experiencia sensorial \u00f3ptima.<\/li>\n<li>Set de 6 Bot\u00e1nicos, ideales para dar un sabor especial al Gin Tonic:<\/li>\n<li>Enebro.<\/li>\n<li>P\u00e9talos de rosa.<\/li>\n<li>Pimienta Rosada.<\/li>\n<li>Semilla de Cilantro.<\/li>\n<li>Cardamomo.<\/li>\n<li>Presentaci\u00f3n:\u00a0 Caja de madera con cinta de g\u00e9nero color a elecci\u00f3n y tarjeta con mensaje y logo corporativo (dise\u00f1o enviado por cliente),<\/li>\n<\/ul>\n","protected":false},"featured_media":8597,"template":"","meta":{"_joinchat":[]},"product_brand":[],"product_cat":[126],"product_tag":[129],"class_list":{"0":"post-7462","1":"product","2":"type-product","3":"status-publish","4":"has-post-thumbnail","6":"product_cat-bar-y-cocteleria","7":"product_tag-regalos-de-cumpleanos","9":"first","10":"instock","11":"taxable","12":"shipping-taxable","13":"purchasable","14":"product-type-simple"},"_links":{"self":[{"href":"https:\/\/www.regalosgourmet.cl\/cl\/wp-json\/wp\/v2\/product\/7462","targetHints":{"allow":["GET"]}}],"collection":[{"href":"https:\/\/www.regalosgourmet.cl\/cl\/wp-json\/wp\/v2\/product"}],"about":[{"href":"https:\/\/www.regalosgourmet.cl\/cl\/wp-json\/wp\/v2\/types\/product"}],"wp:featuredmedia":[{"embeddable":true,"href":"https:\/\/www.regalosgourmet.cl\/cl\/wp-json\/wp\/v2\/media\/8597"}],"wp:attachment":[{"href":"https:\/\/www.regalosgourmet.cl\/cl\/wp-json\/wp\/v2\/media?parent=7462"}],"wp:term":[{"taxonomy":"product_brand","embeddable":true,"href":"https:\/\/www.regalosgourmet.cl\/cl\/wp-json\/wp\/v2\/product_brand?post=7462"},{"taxonomy":"product_cat","embeddable":true,"href":"https:\/\/www.regalosgourmet.cl\/cl\/wp-json\/wp\/v2\/product_cat?post=7462"},{"taxonomy":"product_tag","embeddable":true,"href":"https:\/\/www.regalosgourmet.cl\/cl\/wp-json\/wp\/v2\/product_tag?post=7462"}],"curies":[{"name":"wp","href":"https:\/\/api.w.org\/{rel}","templated":true}]}}