{"id":7390,"date":"2021-08-16T18:06:17","date_gmt":"2021-08-16T22:06:17","guid":{"rendered":"https:\/\/www.regalosgourmet.cl\/cl\/?post_type=product&#038;p=7390"},"modified":"2025-07-17T14:03:36","modified_gmt":"2025-07-17T17:03:36","slug":"superviviente-parrillero","status":"publish","type":"product","link":"https:\/\/www.regalosgourmet.cl\/cl\/regalos\/superviviente-parrillero\/","title":{"rendered":"El Parrillero"},"content":{"rendered":"","protected":false},"excerpt":{"rendered":"<h6><strong>Esta caja incluye:<\/strong><\/h6>\n<ul>\n<li>Tabla r\u00fastica de madera de 30cm aprox, fabricada por artesanos de nuestro pa\u00eds. El ancho es variable ya que se fabrican a mano.<\/li>\n<li>Sal Parrillera al Carmenere 400grs. Cristales de Chile.<\/li>\n<li>Cerveza Artesanal 330ml. Variedades Tropera.<\/li>\n<li>Caja de color negro o kraft\u00a0con cinta de g\u00e9nero de color a elecci\u00f3n y tarjeta de saludo con mensaje corporativo (dise\u00f1o enviado por cliente).<\/li>\n<\/ul>\n","protected":false},"featured_media":8589,"template":"","meta":{"_joinchat":[]},"product_brand":[],"product_cat":[92],"product_tag":[129,144],"class_list":{"0":"post-7390","1":"product","2":"type-product","3":"status-publish","4":"has-post-thumbnail","6":"product_cat-parrilleros","7":"product_tag-regalos-de-cumpleanos","8":"product_tag-regalos-fiestas-patrias","10":"first","11":"instock","12":"taxable","13":"shipping-taxable","14":"purchasable","15":"product-type-simple"},"_links":{"self":[{"href":"https:\/\/www.regalosgourmet.cl\/cl\/wp-json\/wp\/v2\/product\/7390","targetHints":{"allow":["GET"]}}],"collection":[{"href":"https:\/\/www.regalosgourmet.cl\/cl\/wp-json\/wp\/v2\/product"}],"about":[{"href":"https:\/\/www.regalosgourmet.cl\/cl\/wp-json\/wp\/v2\/types\/product"}],"wp:featuredmedia":[{"embeddable":true,"href":"https:\/\/www.regalosgourmet.cl\/cl\/wp-json\/wp\/v2\/media\/8589"}],"wp:attachment":[{"href":"https:\/\/www.regalosgourmet.cl\/cl\/wp-json\/wp\/v2\/media?parent=7390"}],"wp:term":[{"taxonomy":"product_brand","embeddable":true,"href":"https:\/\/www.regalosgourmet.cl\/cl\/wp-json\/wp\/v2\/product_brand?post=7390"},{"taxonomy":"product_cat","embeddable":true,"href":"https:\/\/www.regalosgourmet.cl\/cl\/wp-json\/wp\/v2\/product_cat?post=7390"},{"taxonomy":"product_tag","embeddable":true,"href":"https:\/\/www.regalosgourmet.cl\/cl\/wp-json\/wp\/v2\/product_tag?post=7390"}],"curies":[{"name":"wp","href":"https:\/\/api.w.org\/{rel}","templated":true}]}}