{"id":7382,"date":"2021-08-16T17:37:56","date_gmt":"2021-08-16T21:37:56","guid":{"rendered":"https:\/\/www.regalosgourmet.cl\/cl\/?post_type=product&#038;p=7382"},"modified":"2025-07-17T14:04:04","modified_gmt":"2025-07-17T17:04:04","slug":"trilogia-nortena","status":"publish","type":"product","link":"https:\/\/www.regalosgourmet.cl\/cl\/regalos\/trilogia-nortena\/","title":{"rendered":"Trilog\u00eda Norte\u00f1a"},"content":{"rendered":"","protected":false},"excerpt":{"rendered":"<h6><strong>Esta caja incluye:<\/strong><\/h6>\n<ul>\n<li>Arrope de Cha\u00f1ar 55ml. Etnia<\/li>\n<li>Rica Rica 15grs. Etnia.<\/li>\n<li>Or\u00e9gano del Altiplano 6grs. Etnia.<\/li>\n<li>Caja cartulina color negro o kraft con certificaci\u00f3n<strong>\u00a0FSC<\/strong>\u00a0con sticker de cierre con gr\u00e1fica cliente de 11\u00d733 cent\u00edmetros.<\/li>\n<\/ul>\n","protected":false},"featured_media":8616,"template":"","meta":{"_joinchat":[]},"product_brand":[],"product_cat":[90],"product_tag":[144],"class_list":{"0":"post-7382","1":"product","2":"type-product","3":"status-publish","4":"has-post-thumbnail","6":"product_cat-mini-regalos","7":"product_tag-regalos-fiestas-patrias","9":"first","10":"instock","11":"taxable","12":"shipping-taxable","13":"purchasable","14":"product-type-simple"},"_links":{"self":[{"href":"https:\/\/www.regalosgourmet.cl\/cl\/wp-json\/wp\/v2\/product\/7382","targetHints":{"allow":["GET"]}}],"collection":[{"href":"https:\/\/www.regalosgourmet.cl\/cl\/wp-json\/wp\/v2\/product"}],"about":[{"href":"https:\/\/www.regalosgourmet.cl\/cl\/wp-json\/wp\/v2\/types\/product"}],"wp:featuredmedia":[{"embeddable":true,"href":"https:\/\/www.regalosgourmet.cl\/cl\/wp-json\/wp\/v2\/media\/8616"}],"wp:attachment":[{"href":"https:\/\/www.regalosgourmet.cl\/cl\/wp-json\/wp\/v2\/media?parent=7382"}],"wp:term":[{"taxonomy":"product_brand","embeddable":true,"href":"https:\/\/www.regalosgourmet.cl\/cl\/wp-json\/wp\/v2\/product_brand?post=7382"},{"taxonomy":"product_cat","embeddable":true,"href":"https:\/\/www.regalosgourmet.cl\/cl\/wp-json\/wp\/v2\/product_cat?post=7382"},{"taxonomy":"product_tag","embeddable":true,"href":"https:\/\/www.regalosgourmet.cl\/cl\/wp-json\/wp\/v2\/product_tag?post=7382"}],"curies":[{"name":"wp","href":"https:\/\/api.w.org\/{rel}","templated":true}]}}