{"id":7378,"date":"2021-08-16T17:19:00","date_gmt":"2021-08-16T21:19:00","guid":{"rendered":"https:\/\/www.regalosgourmet.cl\/cl\/?post_type=product&#038;p=7378"},"modified":"2025-07-17T14:04:11","modified_gmt":"2025-07-17T17:04:11","slug":"tikiti","status":"publish","type":"product","link":"https:\/\/www.regalosgourmet.cl\/cl\/regalos\/tikiti\/","title":{"rendered":"Set Parrillero"},"content":{"rendered":"","protected":false},"excerpt":{"rendered":"<h6><strong>Esta caja incluye:<\/strong><\/h6>\n<ul>\n<li>2 Cervezas Tropera (variedad).<\/li>\n<li>Sal Parrillera al Carmenere 450grs. Cristales de Chile.<\/li>\n<li>Chimichurri Listo Cristales de Chile.<\/li>\n<li>Pechera Denim Parrillera Way\u00fa.<\/li>\n<li>Mini salsa aj\u00ed\/ajo Gourmandier.<\/li>\n<li><strong>Presentaci\u00f3n:<\/strong> Caja de cart\u00f3n forrado premium color negro con cinta de g\u00e9nero en color a elecci\u00f3n.<\/li>\n<\/ul>\n","protected":false},"featured_media":8588,"template":"","meta":{"_joinchat":[]},"product_brand":[],"product_cat":[92],"product_tag":[136,152,129,144],"class_list":{"0":"post-7378","1":"product","2":"type-product","3":"status-publish","4":"has-post-thumbnail","6":"product_cat-parrilleros","7":"product_tag-para-mama","8":"product_tag-para-papa","9":"product_tag-regalos-de-cumpleanos","10":"product_tag-regalos-fiestas-patrias","12":"first","13":"instock","14":"taxable","15":"shipping-taxable","16":"purchasable","17":"product-type-simple"},"_links":{"self":[{"href":"https:\/\/www.regalosgourmet.cl\/cl\/wp-json\/wp\/v2\/product\/7378","targetHints":{"allow":["GET"]}}],"collection":[{"href":"https:\/\/www.regalosgourmet.cl\/cl\/wp-json\/wp\/v2\/product"}],"about":[{"href":"https:\/\/www.regalosgourmet.cl\/cl\/wp-json\/wp\/v2\/types\/product"}],"wp:featuredmedia":[{"embeddable":true,"href":"https:\/\/www.regalosgourmet.cl\/cl\/wp-json\/wp\/v2\/media\/8588"}],"wp:attachment":[{"href":"https:\/\/www.regalosgourmet.cl\/cl\/wp-json\/wp\/v2\/media?parent=7378"}],"wp:term":[{"taxonomy":"product_brand","embeddable":true,"href":"https:\/\/www.regalosgourmet.cl\/cl\/wp-json\/wp\/v2\/product_brand?post=7378"},{"taxonomy":"product_cat","embeddable":true,"href":"https:\/\/www.regalosgourmet.cl\/cl\/wp-json\/wp\/v2\/product_cat?post=7378"},{"taxonomy":"product_tag","embeddable":true,"href":"https:\/\/www.regalosgourmet.cl\/cl\/wp-json\/wp\/v2\/product_tag?post=7378"}],"curies":[{"name":"wp","href":"https:\/\/api.w.org\/{rel}","templated":true}]}}