{"id":7231,"date":"2021-05-05T16:19:17","date_gmt":"2021-05-05T20:19:17","guid":{"rendered":"https:\/\/www.regalosgourmet.cl\/cl\/?post_type=product&#038;p=7231"},"modified":"2024-11-14T13:22:28","modified_gmt":"2024-11-14T16:22:28","slug":"picoteo-espumante","status":"publish","type":"product","link":"https:\/\/www.regalosgourmet.cl\/cl\/regalos\/picoteo-espumante\/","title":{"rendered":"Picoteo Espumante"},"content":{"rendered":"","protected":false},"excerpt":{"rendered":"<p>Una caja super equilibrada, rica y entretenida para compartir de a dos, y bueno, quiz\u00e1s hasta 3!<\/p>\n<p><strong>Esta caja incluye:<\/strong><\/p>\n<ul>\n<li>Espumante Brut 750ml. Undurraga.<\/li>\n<li>Galletas de Pita Original 120grs. Bocanboca.<\/li>\n<li>Queso de Cabra al vino Tinto 150grs. Bernadette.<\/li>\n<li>Jam\u00f3n Serrano 100grs. La Lober\u00eda.<\/li>\n<li>Chips Patagonia 135grs. Tika.<\/li>\n<li>Caja negra o kraft con cinta de regalo de color a elecci\u00f3n y tarjeta de saludo de 5x9cms con gr\u00e1fica cliente (dise\u00f1o enviado por cliente)<\/li>\n<\/ul>\n","protected":false},"featured_media":8640,"template":"","meta":{"_joinchat":[]},"product_brand":[],"product_cat":[123],"product_tag":[128,157,158,136,129],"class_list":{"0":"post-7231","1":"product","2":"type-product","3":"status-publish","4":"has-post-thumbnail","6":"product_cat-picoteo","7":"product_tag-celebracion","8":"product_tag-fiestas-fin-de-ano","9":"product_tag-fin-de-ano-2022","10":"product_tag-para-mama","11":"product_tag-regalos-de-cumpleanos","13":"first","14":"instock","15":"taxable","16":"shipping-taxable","17":"purchasable","18":"product-type-simple"},"_links":{"self":[{"href":"https:\/\/www.regalosgourmet.cl\/cl\/wp-json\/wp\/v2\/product\/7231","targetHints":{"allow":["GET"]}}],"collection":[{"href":"https:\/\/www.regalosgourmet.cl\/cl\/wp-json\/wp\/v2\/product"}],"about":[{"href":"https:\/\/www.regalosgourmet.cl\/cl\/wp-json\/wp\/v2\/types\/product"}],"wp:featuredmedia":[{"embeddable":true,"href":"https:\/\/www.regalosgourmet.cl\/cl\/wp-json\/wp\/v2\/media\/8640"}],"wp:attachment":[{"href":"https:\/\/www.regalosgourmet.cl\/cl\/wp-json\/wp\/v2\/media?parent=7231"}],"wp:term":[{"taxonomy":"product_brand","embeddable":true,"href":"https:\/\/www.regalosgourmet.cl\/cl\/wp-json\/wp\/v2\/product_brand?post=7231"},{"taxonomy":"product_cat","embeddable":true,"href":"https:\/\/www.regalosgourmet.cl\/cl\/wp-json\/wp\/v2\/product_cat?post=7231"},{"taxonomy":"product_tag","embeddable":true,"href":"https:\/\/www.regalosgourmet.cl\/cl\/wp-json\/wp\/v2\/product_tag?post=7231"}],"curies":[{"name":"wp","href":"https:\/\/api.w.org\/{rel}","templated":true}]}}