{"id":7229,"date":"2021-05-05T15:59:46","date_gmt":"2021-05-05T19:59:46","guid":{"rendered":"https:\/\/www.regalosgourmet.cl\/cl\/?post_type=product&#038;p=7229"},"modified":"2023-11-09T14:02:31","modified_gmt":"2023-11-09T17:02:31","slug":"la-tropa","status":"publish","type":"product","link":"https:\/\/www.regalosgourmet.cl\/cl\/regalos\/la-tropa\/","title":{"rendered":"La Tropa"},"content":{"rendered":"","protected":false},"excerpt":{"rendered":"<h6><strong>Esta caja incluye:<\/strong><\/h6>\n<ul>\n<li>Cerveza Ranita de Darwin 330ml. Tropera. Variedad sujeta a disponibilidad en planta.<\/li>\n<li>Galletas de Pita Original 120grs. Bocanboca.<\/li>\n<li>Pasta de Bruschetta de Alcachofa o de Piment\u00f3n, 280grs, Perfect Choice.<\/li>\n<li>Chips Patagonia 35grs. Tika.<\/li>\n<li>Caja cartulina color negro con certificaci\u00f3n FSC con sticker de cierre con gr\u00e1fica cliente 10&#215;33 cent\u00edmetros.<\/li>\n<\/ul>\n","protected":false},"featured_media":8638,"template":"","meta":{"_joinchat":[]},"product_brand":[],"product_cat":[123],"product_tag":[129],"class_list":{"0":"post-7229","1":"product","2":"type-product","3":"status-publish","4":"has-post-thumbnail","6":"product_cat-picoteo","7":"product_tag-regalos-de-cumpleanos","9":"first","10":"instock","11":"taxable","12":"shipping-taxable","13":"purchasable","14":"product-type-simple"},"_links":{"self":[{"href":"https:\/\/www.regalosgourmet.cl\/cl\/wp-json\/wp\/v2\/product\/7229","targetHints":{"allow":["GET"]}}],"collection":[{"href":"https:\/\/www.regalosgourmet.cl\/cl\/wp-json\/wp\/v2\/product"}],"about":[{"href":"https:\/\/www.regalosgourmet.cl\/cl\/wp-json\/wp\/v2\/types\/product"}],"wp:featuredmedia":[{"embeddable":true,"href":"https:\/\/www.regalosgourmet.cl\/cl\/wp-json\/wp\/v2\/media\/8638"}],"wp:attachment":[{"href":"https:\/\/www.regalosgourmet.cl\/cl\/wp-json\/wp\/v2\/media?parent=7229"}],"wp:term":[{"taxonomy":"product_brand","embeddable":true,"href":"https:\/\/www.regalosgourmet.cl\/cl\/wp-json\/wp\/v2\/product_brand?post=7229"},{"taxonomy":"product_cat","embeddable":true,"href":"https:\/\/www.regalosgourmet.cl\/cl\/wp-json\/wp\/v2\/product_cat?post=7229"},{"taxonomy":"product_tag","embeddable":true,"href":"https:\/\/www.regalosgourmet.cl\/cl\/wp-json\/wp\/v2\/product_tag?post=7229"}],"curies":[{"name":"wp","href":"https:\/\/api.w.org\/{rel}","templated":true}]}}