{"id":7054,"date":"2020-11-12T16:32:13","date_gmt":"2020-11-12T20:32:13","guid":{"rendered":"https:\/\/www.regalosgourmet.cl\/cl\/?post_type=product&#038;p=7054"},"modified":"2023-11-09T13:49:57","modified_gmt":"2023-11-09T16:49:57","slug":"ruby-christmas","status":"publish","type":"product","link":"https:\/\/www.regalosgourmet.cl\/cl\/regalos\/ruby-christmas\/","title":{"rendered":"Ruby Christmas"},"content":{"rendered":"","protected":false},"excerpt":{"rendered":"<p><strong>Este regalo incluye:<\/strong><\/p>\n<ul>\n<li>Espumante Ruby Ricadonna, 200ml, Aroma floral fresco. Sabor dulce y elegante.<\/li>\n<li>Mix de galletas navide\u00f1as artesanales decoradas con glas\u00e9 blanco, 150grs.<\/li>\n<\/ul>\n<p><strong>Presentaci\u00f3n:<\/strong><\/p>\n<ul>\n<li>Bolsa de papel kraft con tarjeta de saludo con gr\u00e1fica personalizada (dise\u00f1o enviado por cliente). (Revisa nuestras alternativas de personalizaci\u00f3n en <a href=\"https:\/\/www.regalosgourmet.cl\/cl\/packaging\/\"><strong>Nuestros Packaging<\/strong><\/a>).<\/li>\n<\/ul>\n<p><strong>Condiciones:<\/strong><\/p>\n<ul>\n<li>M\u00ednimo compra: 30 unidades<\/li>\n<\/ul>\n","protected":false},"featured_media":8621,"template":"","meta":{"_joinchat":[]},"product_brand":[],"product_cat":[90],"product_tag":[146,158],"class_list":{"0":"post-7054","1":"product","2":"type-product","3":"status-publish","4":"has-post-thumbnail","6":"product_cat-mini-regalos","7":"product_tag-fin-de-ano","8":"product_tag-fin-de-ano-2022","10":"first","11":"instock","12":"taxable","13":"shipping-taxable","14":"purchasable","15":"product-type-simple"},"_links":{"self":[{"href":"https:\/\/www.regalosgourmet.cl\/cl\/wp-json\/wp\/v2\/product\/7054","targetHints":{"allow":["GET"]}}],"collection":[{"href":"https:\/\/www.regalosgourmet.cl\/cl\/wp-json\/wp\/v2\/product"}],"about":[{"href":"https:\/\/www.regalosgourmet.cl\/cl\/wp-json\/wp\/v2\/types\/product"}],"wp:featuredmedia":[{"embeddable":true,"href":"https:\/\/www.regalosgourmet.cl\/cl\/wp-json\/wp\/v2\/media\/8621"}],"wp:attachment":[{"href":"https:\/\/www.regalosgourmet.cl\/cl\/wp-json\/wp\/v2\/media?parent=7054"}],"wp:term":[{"taxonomy":"product_brand","embeddable":true,"href":"https:\/\/www.regalosgourmet.cl\/cl\/wp-json\/wp\/v2\/product_brand?post=7054"},{"taxonomy":"product_cat","embeddable":true,"href":"https:\/\/www.regalosgourmet.cl\/cl\/wp-json\/wp\/v2\/product_cat?post=7054"},{"taxonomy":"product_tag","embeddable":true,"href":"https:\/\/www.regalosgourmet.cl\/cl\/wp-json\/wp\/v2\/product_tag?post=7054"}],"curies":[{"name":"wp","href":"https:\/\/api.w.org\/{rel}","templated":true}]}}