{"id":6901,"date":"2020-08-22T09:25:39","date_gmt":"2020-08-22T13:25:39","guid":{"rendered":"https:\/\/www.regalosgourmet.cl\/cl\/?post_type=product&#038;p=6901"},"modified":"2025-07-17T14:05:09","modified_gmt":"2025-07-17T17:05:09","slug":"juego-de-cachos","status":"publish","type":"product","link":"https:\/\/www.regalosgourmet.cl\/cl\/regalos\/juego-de-cachos\/","title":{"rendered":"Juego de Cachos de Cuero"},"content":{"rendered":"","protected":false},"excerpt":{"rendered":"<p><strong>Este regalo incluye:<\/strong><\/p>\n<ul>\n<li>Set de 4 cachos de 100% cuero cosidos hechos a mano (variedad de colores de cuero). 5 dados por cacho (20 dados en total).<\/li>\n<\/ul>\n<p><strong>Presentaci\u00f3n:<\/strong><\/p>\n<ul>\n<li>Bolso de algod\u00f3n sin impresi\u00f3n. Cotizar para impresi\u00f3n personalizada. (para ver otras alternativa de presentaci\u00f3n ir a nuestra secci\u00f3n <a href=\"http:\/\/www.regalosgourmet.cl\/packaging\"><strong><em>Packaging<\/em><\/strong><\/a>)<\/li>\n<li>Cinta de g\u00e9nero de color a elecci\u00f3n.<\/li>\n<li>Tarjeta de saludo de 5x9cm con logo corporativo.<\/li>\n<\/ul>\n<p><strong>Condiciones:<\/strong><\/p>\n<ul>\n<li>M\u00ednimo compra: 30 unidades<\/li>\n<\/ul>\n","protected":false},"featured_media":12315,"template":"","meta":{"_joinchat":[]},"product_brand":[],"product_cat":[30],"product_tag":[152,144],"class_list":{"0":"post-6901","1":"product","2":"type-product","3":"status-publish","4":"has-post-thumbnail","6":"product_cat-tiempo-libre","7":"product_tag-para-papa","8":"product_tag-regalos-fiestas-patrias","10":"first","11":"instock","12":"taxable","13":"shipping-taxable","14":"purchasable","15":"product-type-simple"},"_links":{"self":[{"href":"https:\/\/www.regalosgourmet.cl\/cl\/wp-json\/wp\/v2\/product\/6901","targetHints":{"allow":["GET"]}}],"collection":[{"href":"https:\/\/www.regalosgourmet.cl\/cl\/wp-json\/wp\/v2\/product"}],"about":[{"href":"https:\/\/www.regalosgourmet.cl\/cl\/wp-json\/wp\/v2\/types\/product"}],"wp:featuredmedia":[{"embeddable":true,"href":"https:\/\/www.regalosgourmet.cl\/cl\/wp-json\/wp\/v2\/media\/12315"}],"wp:attachment":[{"href":"https:\/\/www.regalosgourmet.cl\/cl\/wp-json\/wp\/v2\/media?parent=6901"}],"wp:term":[{"taxonomy":"product_brand","embeddable":true,"href":"https:\/\/www.regalosgourmet.cl\/cl\/wp-json\/wp\/v2\/product_brand?post=6901"},{"taxonomy":"product_cat","embeddable":true,"href":"https:\/\/www.regalosgourmet.cl\/cl\/wp-json\/wp\/v2\/product_cat?post=6901"},{"taxonomy":"product_tag","embeddable":true,"href":"https:\/\/www.regalosgourmet.cl\/cl\/wp-json\/wp\/v2\/product_tag?post=6901"}],"curies":[{"name":"wp","href":"https:\/\/api.w.org\/{rel}","templated":true}]}}