{"id":6895,"date":"2022-05-18T22:35:37","date_gmt":"2022-05-19T02:35:37","guid":{"rendered":"https:\/\/www.regalosgourmet.cl\/cl\/?post_type=product&#038;p=6895"},"modified":"2025-07-17T14:02:18","modified_gmt":"2025-07-17T17:02:18","slug":"un-asadito","status":"publish","type":"product","link":"https:\/\/www.regalosgourmet.cl\/cl\/regalos\/un-asadito\/","title":{"rendered":"Un asadito?"},"content":{"rendered":"","protected":false},"excerpt":{"rendered":"<p><strong>Este regalo incluye:<\/strong><\/p>\n<ul>\n<li>Prensa para carne rectangular de hierro fundido con mango de madera (no se calienta). Ideal para cocinar la carne a la misma temperatura por ambos lados. Outset. Medidas: 23 x 12,7 cm.<\/li>\n<li>Pebre chileno, Con Amor, 410grs.<\/li>\n<li>Vino Reserva, Carmenere o Cabernet Sauvignon 750ml. Vi\u00f1a Viu Manent<\/li>\n<\/ul>\n<p><strong>Presentaci\u00f3n:<\/strong><\/p>\n<ul>\n<li>Caja de cart\u00f3n forrado color negro con cinta de g\u00e9nero color a elecci\u00f3n. (para ver otras alternativa de presentaci\u00f3n ir a nuestra secci\u00f3n <a href=\"http:\/\/www.regalosgourmet.cl\/packaging\"><strong><em>Packaging<\/em><\/strong><\/a>)<\/li>\n<\/ul>\n<p><strong>Condiciones:<\/strong><\/p>\n<ul>\n<li>M\u00ednimo compra: 30 unidades<\/li>\n<\/ul>\n","protected":false},"featured_media":8579,"template":"","meta":{"_joinchat":[]},"product_brand":[],"product_cat":[92],"product_tag":[129,144],"class_list":{"0":"post-6895","1":"product","2":"type-product","3":"status-publish","4":"has-post-thumbnail","6":"product_cat-parrilleros","7":"product_tag-regalos-de-cumpleanos","8":"product_tag-regalos-fiestas-patrias","10":"first","11":"instock","12":"taxable","13":"shipping-taxable","14":"purchasable","15":"product-type-simple"},"_links":{"self":[{"href":"https:\/\/www.regalosgourmet.cl\/cl\/wp-json\/wp\/v2\/product\/6895","targetHints":{"allow":["GET"]}}],"collection":[{"href":"https:\/\/www.regalosgourmet.cl\/cl\/wp-json\/wp\/v2\/product"}],"about":[{"href":"https:\/\/www.regalosgourmet.cl\/cl\/wp-json\/wp\/v2\/types\/product"}],"wp:featuredmedia":[{"embeddable":true,"href":"https:\/\/www.regalosgourmet.cl\/cl\/wp-json\/wp\/v2\/media\/8579"}],"wp:attachment":[{"href":"https:\/\/www.regalosgourmet.cl\/cl\/wp-json\/wp\/v2\/media?parent=6895"}],"wp:term":[{"taxonomy":"product_brand","embeddable":true,"href":"https:\/\/www.regalosgourmet.cl\/cl\/wp-json\/wp\/v2\/product_brand?post=6895"},{"taxonomy":"product_cat","embeddable":true,"href":"https:\/\/www.regalosgourmet.cl\/cl\/wp-json\/wp\/v2\/product_cat?post=6895"},{"taxonomy":"product_tag","embeddable":true,"href":"https:\/\/www.regalosgourmet.cl\/cl\/wp-json\/wp\/v2\/product_tag?post=6895"}],"curies":[{"name":"wp","href":"https:\/\/api.w.org\/{rel}","templated":true}]}}