{"id":6889,"date":"2020-08-22T08:10:41","date_gmt":"2020-08-22T12:10:41","guid":{"rendered":"https:\/\/www.regalosgourmet.cl\/cl\/?post_type=product&#038;p=6889"},"modified":"2025-07-17T14:05:42","modified_gmt":"2025-07-17T17:05:42","slug":"cuchillo-3-claveles-uniblock-estuche-cuero","status":"publish","type":"product","link":"https:\/\/www.regalosgourmet.cl\/cl\/regalos\/cuchillo-3-claveles-uniblock-estuche-cuero\/","title":{"rendered":"Cuchillo 3 Claveles Uniblock + Estuche Cuero"},"content":{"rendered":"","protected":false},"excerpt":{"rendered":"<p><strong>Este regalo incluye:<\/strong><\/p>\n<ul>\n<li>Cuchillo 3 Claveles Cocinero Inoxidable Uniblock 18 cm profesional. De hoja ancha, filo liso, estable y fuerte. La hoja del cuchillo llega hasta el mango de POM, y est\u00e1 ensamblado con tres remaches. Cuchillo de acero inoxidable molibdeno vanadio de alta calidad con un corte perfecto y duradero.<\/li>\n<li>Estuche de cuero para cuchillo hecho a mano. Artesan\u00eda chilena.<\/li>\n<\/ul>\n<p><strong>Presentaci\u00f3n:<\/strong><\/p>\n<ul>\n<li>Bolsa de algod\u00f3n con tarjeta de saludo con logo corporativo. (para ver otras alternativa de presentaci\u00f3n ir a nuestra secci\u00f3n <a href=\"http:\/\/www.regalosgourmet.cl\/packaging\"><strong><em>Packaging<\/em><\/strong><\/a>)<\/li>\n<\/ul>\n<p><strong>Condiciones:<\/strong><\/p>\n<ul>\n<li>M\u00ednimo compra: 15 unidades<\/li>\n<\/ul>\n","protected":false},"featured_media":8563,"template":"","meta":{"_joinchat":[]},"product_brand":[],"product_cat":[62,92],"product_tag":[144],"class_list":{"0":"post-6889","1":"product","2":"type-product","3":"status-publish","4":"has-post-thumbnail","6":"product_cat-catalogo-accesorios-y-gourmet","7":"product_cat-parrilleros","8":"product_tag-regalos-fiestas-patrias","10":"first","11":"instock","12":"taxable","13":"shipping-taxable","14":"purchasable","15":"product-type-simple"},"_links":{"self":[{"href":"https:\/\/www.regalosgourmet.cl\/cl\/wp-json\/wp\/v2\/product\/6889","targetHints":{"allow":["GET"]}}],"collection":[{"href":"https:\/\/www.regalosgourmet.cl\/cl\/wp-json\/wp\/v2\/product"}],"about":[{"href":"https:\/\/www.regalosgourmet.cl\/cl\/wp-json\/wp\/v2\/types\/product"}],"wp:featuredmedia":[{"embeddable":true,"href":"https:\/\/www.regalosgourmet.cl\/cl\/wp-json\/wp\/v2\/media\/8563"}],"wp:attachment":[{"href":"https:\/\/www.regalosgourmet.cl\/cl\/wp-json\/wp\/v2\/media?parent=6889"}],"wp:term":[{"taxonomy":"product_brand","embeddable":true,"href":"https:\/\/www.regalosgourmet.cl\/cl\/wp-json\/wp\/v2\/product_brand?post=6889"},{"taxonomy":"product_cat","embeddable":true,"href":"https:\/\/www.regalosgourmet.cl\/cl\/wp-json\/wp\/v2\/product_cat?post=6889"},{"taxonomy":"product_tag","embeddable":true,"href":"https:\/\/www.regalosgourmet.cl\/cl\/wp-json\/wp\/v2\/product_tag?post=6889"}],"curies":[{"name":"wp","href":"https:\/\/api.w.org\/{rel}","templated":true}]}}