{"id":6878,"date":"2020-08-22T06:20:10","date_gmt":"2020-08-22T10:20:10","guid":{"rendered":"https:\/\/www.regalosgourmet.cl\/cl\/?post_type=product&#038;p=6878"},"modified":"2023-11-09T13:30:16","modified_gmt":"2023-11-09T16:30:16","slug":"tabla-4-esquinas-raiz-nativo","status":"publish","type":"product","link":"https:\/\/www.regalosgourmet.cl\/cl\/regalos\/tabla-4-esquinas-raiz-nativo\/","title":{"rendered":"Tabla 4 Esquinas Ra\u00edz Nativo"},"content":{"rendered":"","protected":false},"excerpt":{"rendered":"<p><strong>Este regalo incluye:<\/strong><\/p>\n<ul>\n<li>Tabla de madera raul\u00ed reciclada de 40 x24 cms. Elaborada en forma artesanal por el programa de reinserci\u00f3n del Centro Penitenciario de Rengo para que sorprendas y\u00a0 disfrutes un producto con sentido.<\/li>\n<\/ul>\n<hr \/>\n<p><strong>Presentaci\u00f3n:<\/strong><\/p>\n<ul>\n<li>Bolso de algod\u00f3n sin impresi\u00f3n. Cotizar para impresi\u00f3n personalizada. (para ver otras alternativa de presentaci\u00f3n ir a nuestra secci\u00f3n <a href=\"http:\/\/www.regalosgourmet.cl\/packaging\"><strong><em>Packaging<\/em><\/strong><\/a>)<\/li>\n<li>Tarjeta de saludo de 5x9cm con logo corporativo.<\/li>\n<\/ul>\n<hr \/>\n<p><strong>Condiciones:<\/strong><\/p>\n<ul>\n<li>M\u00ednimo compra: 30 unidades<\/li>\n<\/ul>\n","protected":false},"featured_media":8585,"template":"","meta":{"_joinchat":[]},"product_brand":[],"product_cat":[92],"product_tag":[],"class_list":{"0":"post-6878","1":"product","2":"type-product","3":"status-publish","4":"has-post-thumbnail","6":"product_cat-parrilleros","8":"first","9":"instock","10":"taxable","11":"shipping-taxable","12":"purchasable","13":"product-type-simple"},"_links":{"self":[{"href":"https:\/\/www.regalosgourmet.cl\/cl\/wp-json\/wp\/v2\/product\/6878","targetHints":{"allow":["GET"]}}],"collection":[{"href":"https:\/\/www.regalosgourmet.cl\/cl\/wp-json\/wp\/v2\/product"}],"about":[{"href":"https:\/\/www.regalosgourmet.cl\/cl\/wp-json\/wp\/v2\/types\/product"}],"wp:featuredmedia":[{"embeddable":true,"href":"https:\/\/www.regalosgourmet.cl\/cl\/wp-json\/wp\/v2\/media\/8585"}],"wp:attachment":[{"href":"https:\/\/www.regalosgourmet.cl\/cl\/wp-json\/wp\/v2\/media?parent=6878"}],"wp:term":[{"taxonomy":"product_brand","embeddable":true,"href":"https:\/\/www.regalosgourmet.cl\/cl\/wp-json\/wp\/v2\/product_brand?post=6878"},{"taxonomy":"product_cat","embeddable":true,"href":"https:\/\/www.regalosgourmet.cl\/cl\/wp-json\/wp\/v2\/product_cat?post=6878"},{"taxonomy":"product_tag","embeddable":true,"href":"https:\/\/www.regalosgourmet.cl\/cl\/wp-json\/wp\/v2\/product_tag?post=6878"}],"curies":[{"name":"wp","href":"https:\/\/api.w.org\/{rel}","templated":true}]}}